{"id":749,"date":"2024-04-23T14:51:42","date_gmt":"2024-04-23T12:51:42","guid":{"rendered":"https:\/\/arho.se\/?page_id=749"},"modified":"2024-04-23T14:54:57","modified_gmt":"2024-04-23T12:54:57","slug":"cookies","status":"publish","type":"page","link":"https:\/\/arho.se\/en\/cookies\/","title":{"rendered":"Cookies"},"content":{"rendered":"<section class=\"bde-section-749-100 bde-section\">\n  \n  \n\t\n\n\n\n<div class=\"section-container\"><div class=\"bde-code-block-749-101 bde-code-block\">\n\n  <style>\n    a.cky-banner-element {\n        padding: 8px 30px;\n        background: #F8F9FA;\n        color: #858A8F;\n        border: 1px solid #DEE2E6;\n        box-sizing: border-box;\n        border-radius: 2px;\n        cursor: pointer;\n}\n<\/style>\n<h1 class=\"cookie-policy-h1\">Cookie policy<\/h1>\n<p>\n    Effective Date: 23-Apr-2024 <br>\n    Last Updated: 23-Apr-2024\n<\/p>\n\n&nbsp;\n<h5>What are cookies?<\/h5>\n<div class=\"cookie-policy-p\"><p>This cookie policy explains what cookies are and how we use them, the types of cookies we use, i.e. the information we collect using cookies and how that information is used, and how to manage cookie settings.<\/p> <p>Cookies are small text files used to store small pieces of information. They are stored on your device when the website loads in your browser. These cookies help us to make the website work properly, make it more secure, provide a better user experience and understand how the website works and to analyze what works and where it needs improvement.<\/p><\/div>\n\n&nbsp;\n<h5>How do we use cookies?<\/h5>\n<div class=\"cookie-policy-p\"><p>Like most of the online services, our website uses first-party and third-party cookies for several purposes. First-party cookies are usually necessary for the proper functioning of the website and do not collect any of your personally identifiable data.<\/p> <p>The third-party cookies used on our website are mainly to understand how the website works, how you interact with our website, keep our services secure, provide advertisements that are relevant to you, and all in all provide you with a better and improved user experience and help speed up your future interaction with our website.<\/p><\/div>\n\n&nbsp;\n    <h5>Types of cookies we use<\/h5>\n\n    <div class=\"cky-audit-table-element\"><\/div>\n\n&nbsp;\n    <h5 style=\"margin-bottom:20px;\">Managing cookie preferences<\/h5>\n\n    <a class=\"cky-banner-element\">Cookie settings<\/a> <br\/>\n\n    <div><p>You can change your cookie preferences at any time by clicking on the button above. This will allow you to revisit the cookie consent banner and change your preferences or withdraw your consent directly.<\/p><p>In addition, different browsers offer different methods for blocking and deleting cookies used by websites. You can change the settings in your browser to block\/delete cookies. Below are the links to the support documents on how to manage and delete cookies from the major browsers.<\/p><p>Chrome: <a target=\"_blank\" rel=\"noopener noreferrer\" href=\"https:\/\/support.google.com\/accounts\/answer\/32050\">https:\/\/support.google.com\/accounts\/answer\/32050<\/a><\/p><p>Safari: <a target=\"_blank\" rel=\"noopener noreferrer\" href=\"https:\/\/support.apple.com\/en-in\/guide\/safari\/sfri11471\/mac\">https:\/\/support.apple.com\/en-in\/guide\/safari\/sfri11471\/mac<\/a><\/p><p>Firefox: <a target=\"_blank\" rel=\"noopener noreferrer\" href=\"https:\/\/support.mozilla.org\/en-US\/kb\/clear-cookies-and-site-data-firefox?redirectslug=delete-cookies-remove-info-websites-stored&amp;redirectlocale=en-US\">https:\/\/support.mozilla.org\/en-US\/kb\/clear-cookies-and-site-data-firefox?redirectslug=delete-cookies-remove-info-websites-stored&amp;redirectlocale=en-US<\/a><\/p><p>Internet Explorer: <a target=\"_blank\" rel=\"noopener noreferrer\" href=\"https:\/\/support.microsoft.com\/en-us\/topic\/how-to-delete-cookie-files-in-internet-explorer-bca9446f-d873-78de-77ba-d42645fa52fc\">https:\/\/support.microsoft.com\/en-us\/topic\/how-to-delete-cookie-files-in-internet-explorer-bca9446f-d873-78de-77ba-d42645fa52fc<\/a><\/p><p>If you use a different browser, please visit your browser's official support document.<\/p><\/div>\n\n\n&nbsp;\n<p class=\"cookie-policy-p\">\n    Cookie Policy Generated By  <a target=\"_blank\" href=\"https:\/\/www.cookieyes.com\/?utm_source=CP&amp;utm_medium=footer&amp;utm_campaign=UW\" rel=\"noopener\">CookieYes - Cookie Policy Generator<\/a>.\n<\/p>\n\n\n<\/div><\/div>\n<\/section>","protected":false},"excerpt":{"rendered":"<p>Cookiepolicy Effective Date: 23-Apr-2024 Last Updated: 23-Apr-2024 &nbsp; Vad \u00e4r cookies? Denna cookiepolicy f\u00f6rklarar vad cookies \u00e4r och hur vi anv\u00e4nder dem, vilka typer av cookies vi anv\u00e4nder, dvs. den information vi samlar in med hj\u00e4lp av cookies och hur den informationen anv\u00e4nds, och hur man hanterar cookieinst\u00e4llningarna. Cookies \u00e4r sm\u00e5 textfiler som anv\u00e4nds f\u00f6r [&hellip;]<\/p>\n","protected":false},"author":2,"featured_media":0,"parent":0,"menu_order":0,"comment_status":"closed","ping_status":"closed","template":"","meta":{"_acf_changed":false,"_breakdance_hide_in_design_set":false,"_breakdance_tags":"","footnotes":""},"class_list":["post-749","page","type-page","status-publish","hentry"],"acf":[],"_links":{"self":[{"href":"https:\/\/arho.se\/en\/wp-json\/wp\/v2\/pages\/749","targetHints":{"allow":["GET"]}}],"collection":[{"href":"https:\/\/arho.se\/en\/wp-json\/wp\/v2\/pages"}],"about":[{"href":"https:\/\/arho.se\/en\/wp-json\/wp\/v2\/types\/page"}],"author":[{"embeddable":true,"href":"https:\/\/arho.se\/en\/wp-json\/wp\/v2\/users\/2"}],"replies":[{"embeddable":true,"href":"https:\/\/arho.se\/en\/wp-json\/wp\/v2\/comments?post=749"}],"version-history":[{"count":3,"href":"https:\/\/arho.se\/en\/wp-json\/wp\/v2\/pages\/749\/revisions"}],"predecessor-version":[{"id":752,"href":"https:\/\/arho.se\/en\/wp-json\/wp\/v2\/pages\/749\/revisions\/752"}],"wp:attachment":[{"href":"https:\/\/arho.se\/en\/wp-json\/wp\/v2\/media?parent=749"}],"curies":[{"name":"wp","href":"https:\/\/api.w.org\/{rel}","templated":true}]}}