{"id":696,"date":"2024-04-12T15:11:42","date_gmt":"2024-04-12T13:11:42","guid":{"rendered":"https:\/\/arho.se\/?page_id=696"},"modified":"2024-06-14T10:37:11","modified_gmt":"2024-06-14T08:37:11","slug":"tease","status":"publish","type":"page","link":"https:\/\/arho.se\/en\/tjanster\/","title":{"rendered":"Services"},"content":{"rendered":"<section class=\"bde-section-696-115 bde-section\">\n  \n  \n\t\n\n\n\n<div class=\"section-container\"><div class=\"bde-div-696-116 bde-div\">\n  \n  \n\t\n\n\n\n<h1 class=\"bde-heading-696-117 bde-heading\">\nServices\n<\/h1><div class=\"bde-text-696-118 bde-text\">\nWe offer services such as subcontracting and laser measurements.\n<\/div><div class=\"bde-div-696-119 bde-div\">\n  \n  \n\t\n\n\n\n<div class=\"bde-button-696-120 bde-button\">\n    \n                        \n                        \n    \n    \n    \n    \n            \n                    \n            \n            \n\n    \n    \n    \n    \n    \n    <a class=\"breakdance-link button-atom button-atom--secondary bde-button__button\" href=\"#legotillverkning\" target=\"_self\" data-type=\"url\"  >\n\n    \n        <span class=\"button-atom__text\">Manufacturing<\/span>\n\n        \n        \n                <\/a>\n\n    \n\n\n<\/div><div class=\"bde-button-696-121 bde-button\">\n    \n                        \n                        \n    \n    \n    \n    \n            \n                    \n            \n            \n\n    \n    \n    \n    \n    \n    <a class=\"breakdance-link button-atom button-atom--secondary bde-button__button\" href=\"#lasermatning\" target=\"_self\" data-type=\"url\"  >\n\n    \n        <span class=\"button-atom__text\">Laser measurement<\/span>\n\n        \n        \n                <\/a>\n\n    \n\n\n<\/div>\n<\/div>\n<\/div><\/div>\n<\/section><section id=\"legotillverkning\" class=\"bde-section-696-104 bde-section\">\n  \n  \n\t\n\n\n\n<div class=\"section-container\"><div class=\"bde-columns-696-105 bde-columns\"><div class=\"bde-column-696-106 bde-column\">\n  \n  \n\t\n\n\n\n<h2 class=\"bde-heading-696-107 bde-heading\">\nManufacturing\n<\/h2><div class=\"bde-text-696-108 bde-text\">\nWe are also able to offer subcontracting of machine components. In our workshop we have modern processing machines with 3, 4 and 5 axes. We also have an advanced CAM system at our disposal. <br>We also have our own welding workshop where we can take on both simple and more complex products. Contact us and we will arrange a solution for your needs.\n<\/div><div class=\"bde-text-696-109 bde-text\">\nWant to know more about our service? Contact us today!\n<\/div><div class=\"bde-div-696-110 bde-div\">\n  \n  \n\t\n\n\n\n<div class=\"bde-button-696-111 bde-button\">\n    \n                        \n                        \n    \n    \n    \n    \n            \n                    \n            \n            \n\n    \n    \n    \n    \n    \n    <a class=\"breakdance-link button-atom button-atom--primary bde-button__button\" href=\"https:\/\/arho.se\/en\/contact\/\" target=\"_self\" data-type=\"url\"  >\n\n    \n        <span class=\"button-atom__text\">Contact us<\/span>\n\n                            \n        \n                <\/a>\n\n    \n\n\n<\/div>\n<\/div>\n<\/div><div class=\"bde-column-696-112 bde-column\">\n  \n  \n\t\n\n\n\n<div class=\"bde-image-696-113 bde-image\" data-entrance=\"slideRight\">\n<figure class=\"breakdance-image breakdance-image--535\">\n\t<div class=\"breakdance-image-container\">\n\t\t<div class=\"breakdance-image-clip\"><img loading=\"lazy\" decoding=\"async\" class=\"breakdance-image-object\" src=\"https:\/\/arho.se\/wp-content\/uploads\/2024\/04\/arho-images-640-30.jpg\" width=\"640\" height=\"427\" srcset=\"https:\/\/arho.se\/wp-content\/uploads\/2024\/04\/arho-images-640-30.jpg 640w, https:\/\/arho.se\/wp-content\/uploads\/2024\/04\/arho-images-640-30-300x200.jpg 300w, https:\/\/arho.se\/wp-content\/uploads\/2024\/04\/arho-images-640-30-18x12.jpg 18w\" sizes=\"auto, (max-width: 640px) 100vw, 640px\"><\/div>\n\t<\/div><\/figure>\n\n<\/div><div class=\"bde-image-696-114 bde-image\" data-entrance=\"slideRight\">\n<figure class=\"breakdance-image breakdance-image--580\">\n\t<div class=\"breakdance-image-container\">\n\t\t<div class=\"breakdance-image-clip\"><img loading=\"lazy\" decoding=\"async\" class=\"breakdance-image-object\" src=\"https:\/\/arho.se\/wp-content\/uploads\/2024\/04\/arho-images-1280-36.jpg\" width=\"1280\" height=\"853\" srcset=\"https:\/\/arho.se\/wp-content\/uploads\/2024\/04\/arho-images-1280-36.jpg 1280w, https:\/\/arho.se\/wp-content\/uploads\/2024\/04\/arho-images-1280-36-300x200.jpg 300w, https:\/\/arho.se\/wp-content\/uploads\/2024\/04\/arho-images-1280-36-1024x682.jpg 1024w, https:\/\/arho.se\/wp-content\/uploads\/2024\/04\/arho-images-1280-36-768x512.jpg 768w, https:\/\/arho.se\/wp-content\/uploads\/2024\/04\/arho-images-1280-36-18x12.jpg 18w\" sizes=\"auto, (max-width: 1280px) 100vw, 1280px\"><\/div>\n\t<\/div><\/figure>\n\n<\/div>\n<\/div><\/div><\/div>\n<\/section><section id=\"lasermatning\" class=\"bde-section-696-133 bde-section\">\n  \n  \n\t\n\n\n\n<div class=\"section-container\"><div class=\"bde-columns-696-134 bde-columns\"><div class=\"bde-column-696-135 bde-column\">\n  \n  \n\t\n\n\n\n<div class=\"bde-image-696-136 bde-image\" data-entrance=\"slideRight\">\n<figure class=\"breakdance-image breakdance-image--579\">\n\t<div class=\"breakdance-image-container\">\n\t\t<div class=\"breakdance-image-clip\"><img loading=\"lazy\" decoding=\"async\" class=\"breakdance-image-object\" src=\"https:\/\/arho.se\/wp-content\/uploads\/2024\/04\/arho-images-1280-35.jpg\" width=\"1280\" height=\"853\" srcset=\"https:\/\/arho.se\/wp-content\/uploads\/2024\/04\/arho-images-1280-35.jpg 1280w, https:\/\/arho.se\/wp-content\/uploads\/2024\/04\/arho-images-1280-35-300x200.jpg 300w, https:\/\/arho.se\/wp-content\/uploads\/2024\/04\/arho-images-1280-35-1024x682.jpg 1024w, https:\/\/arho.se\/wp-content\/uploads\/2024\/04\/arho-images-1280-35-768x512.jpg 768w, https:\/\/arho.se\/wp-content\/uploads\/2024\/04\/arho-images-1280-35-18x12.jpg 18w\" sizes=\"auto, (max-width: 1280px) 100vw, 1280px\"><\/div>\n\t<\/div><\/figure>\n\n<\/div><div class=\"bde-image-696-137 bde-image\" data-entrance=\"slideRight\">\n<figure class=\"breakdance-image breakdance-image--580\">\n\t<div class=\"breakdance-image-container\">\n\t\t<div class=\"breakdance-image-clip\"><img loading=\"lazy\" decoding=\"async\" class=\"breakdance-image-object\" src=\"https:\/\/arho.se\/wp-content\/uploads\/2024\/04\/arho-images-1280-36.jpg\" width=\"1280\" height=\"853\" srcset=\"https:\/\/arho.se\/wp-content\/uploads\/2024\/04\/arho-images-1280-36.jpg 1280w, https:\/\/arho.se\/wp-content\/uploads\/2024\/04\/arho-images-1280-36-300x200.jpg 300w, https:\/\/arho.se\/wp-content\/uploads\/2024\/04\/arho-images-1280-36-1024x682.jpg 1024w, https:\/\/arho.se\/wp-content\/uploads\/2024\/04\/arho-images-1280-36-768x512.jpg 768w, https:\/\/arho.se\/wp-content\/uploads\/2024\/04\/arho-images-1280-36-18x12.jpg 18w\" sizes=\"auto, (max-width: 1280px) 100vw, 1280px\"><\/div>\n\t<\/div><\/figure>\n\n<\/div>\n<\/div><div class=\"bde-column-696-138 bde-column\">\n  \n  \n\t\n\n\n\n<h2 class=\"bde-heading-696-139 bde-heading\">\nLaser measurement\n<\/h2><div class=\"bde-text-696-140 bde-text\">\nWe have the possibility to help you with our API Laser Tracker where we measure the status and you get a protocol of what it looks like.<br><br>With our API Radian Laser Tracker, we can verify how straight or flat a surface is even at long distances.\n<\/div><div class=\"bde-text-696-158 bde-text\">\nWant to know more about our service? Contact us today!\n<\/div><div class=\"bde-div-696-153 bde-div\">\n  \n  \n\t\n\n\n\n<div class=\"bde-button-696-154 bde-button\">\n    \n                        \n                        \n    \n    \n    \n    \n            \n                    \n            \n            \n\n    \n    \n    \n    \n    \n    <a class=\"breakdance-link button-atom button-atom--custom bde-button__button\" href=\"https:\/\/arho.se\/en\/contact\/\" target=\"_self\" data-type=\"url\"  >\n\n    \n        <span class=\"button-atom__text\">Contact us<\/span>\n\n                            \n        \n                <\/a>\n\n    \n\n\n<\/div>\n<\/div>\n<\/div><\/div><\/div>\n<\/section>","protected":false},"excerpt":{"rendered":"<p>Tj\u00e4nster Vi erbjuder tj\u00e4nster inom bland annat legotillverkning och laserm\u00e4tning Legotillverkning Laserm\u00e4tning Legotillverkning Vi har \u00e4ven m\u00f6jlighet att erbjuda legotillverkning av maskinkomponenter. I v\u00e5r verkstad har vi moderna bearbetningsmaskiner med 3-,4- och 5-axlar. Till v\u00e5r hj\u00e4lp har vi \u00e4ven ett avancerat CAM-system. Vi har \u00e4ven egen svetsverkstad d\u00e4r vi kan ta oss an b\u00e5de enklare [&hellip;]<\/p>\n","protected":false},"author":2,"featured_media":0,"parent":0,"menu_order":0,"comment_status":"closed","ping_status":"closed","template":"","meta":{"_acf_changed":false,"_breakdance_hide_in_design_set":false,"_breakdance_tags":"","footnotes":""},"class_list":["post-696","page","type-page","status-publish","hentry"],"acf":[],"_links":{"self":[{"href":"https:\/\/arho.se\/en\/wp-json\/wp\/v2\/pages\/696","targetHints":{"allow":["GET"]}}],"collection":[{"href":"https:\/\/arho.se\/en\/wp-json\/wp\/v2\/pages"}],"about":[{"href":"https:\/\/arho.se\/en\/wp-json\/wp\/v2\/types\/page"}],"author":[{"embeddable":true,"href":"https:\/\/arho.se\/en\/wp-json\/wp\/v2\/users\/2"}],"replies":[{"embeddable":true,"href":"https:\/\/arho.se\/en\/wp-json\/wp\/v2\/comments?post=696"}],"version-history":[{"count":4,"href":"https:\/\/arho.se\/en\/wp-json\/wp\/v2\/pages\/696\/revisions"}],"predecessor-version":[{"id":809,"href":"https:\/\/arho.se\/en\/wp-json\/wp\/v2\/pages\/696\/revisions\/809"}],"wp:attachment":[{"href":"https:\/\/arho.se\/en\/wp-json\/wp\/v2\/media?parent=696"}],"curies":[{"name":"wp","href":"https:\/\/api.w.org\/{rel}","templated":true}]}}