{"id":37,"date":"2024-03-05T08:22:51","date_gmt":"2024-03-05T07:22:51","guid":{"rendered":"https:\/\/arho.se\/?page_id=37"},"modified":"2024-06-14T10:41:41","modified_gmt":"2024-06-14T08:41:41","slug":"contact","status":"publish","type":"page","link":"https:\/\/arho.se\/en\/kontakt\/","title":{"rendered":"Contact us"},"content":{"rendered":"<section class=\"bde-section-37-100 bde-section\">\n              \n  \n  \n\t\n\n  <div class=\"section-background-overlay\"><\/div>\n\n\n<div class=\"section-container\"><div class=\"bde-columns-37-101 bde-columns\"><div class=\"bde-column-37-102 bde-column\">\n  \n  \n\t\n\n\n\n<h1 class=\"bde-heading-37-103 bde-heading\">\nKontakta oss\n<\/h1><div class=\"bde-text-37-104 bde-text\">\nV\u00e4lkommen att kontakta oss via kontaktformul\u00e4r, telefon eller mail.\n<\/div><div class=\"bde-div-37-108 bde-div\">\n  \n  \n\t\n\n\n\n<div class=\"bde-columns-37-116 bde-columns\"><div class=\"bde-column-37-117 bde-column\">\n  \n  \n\t\n\n\n\n<div class=\"bde-icon-list-37-105 bde-icon-list\">\n<ul>\n  \n              \n    <li>\n                      \n            \n            \n\n    \n    \n    \n    \n    \n    <a class=\"breakdance-link bde-icon-list__item-wrapper\" href=\"https:\/\/maps.app.goo.gl\/Ggc8xCfXMj7dXHk89\" target=\"_blank\" data-type=\"url\" rel=\"noopener\">\n\n      \n      <span class='bde-icon-list__icon'>\n        <svg xmlns=\"http:\/\/www.w3.org\/2000\/svg\" id=\"icon-home\" viewBox=\"0 0 32 32\">\n<path d=\"M32 18.451l-16-12.42-16 12.42v-5.064l16-12.42 16 12.42zM28 18v12h-8v-8h-8v8h-8v-12l12-9z\"\/>\n<\/svg>\n      <\/span>\n      <span class='bde-icon-list__text' >\n      Bergsmansv\u00e4gen 7<br>SE-694 35 Hallsberg<br>Sverige\n      <\/span>\n                  <\/a>\n\n      \n    <\/li>\n\n  <\/ul>\n\n<\/div>\n<\/div><div class=\"bde-column-37-118 bde-column\">\n  \n  \n\t\n\n\n\n<div class=\"bde-icon-list-37-119 bde-icon-list\">\n<ul>\n  \n              \n    <li>\n                      \n            \n            \n\n    \n    \n    \n    \n    \n    <a class=\"breakdance-link bde-icon-list__item-wrapper\" href=\"https:\/\/maps.app.goo.gl\/L9PXNzouHJGsBEmf6\" target=\"_blank\" data-type=\"url\" rel=\"noopener\">\n\n      \n      <span class='bde-icon-list__icon'>\n        <svg xmlns=\"http:\/\/www.w3.org\/2000\/svg\" id=\"icon-home\" viewBox=\"0 0 32 32\">\n<path d=\"M32 18.451l-16-12.42-16 12.42v-5.064l16-12.42 16 12.42zM28 18v12h-8v-8h-8v8h-8v-12l12-9z\"\/>\n<\/svg>\n      <\/span>\n      <span class='bde-icon-list__text' >\n      US office:<br>ARHO Inc<br>263 Shuman Blvd, Suite 145<br>Naperville, IL  60563\n      <\/span>\n                  <\/a>\n\n      \n    <\/li>\n\n  <\/ul>\n\n<\/div>\n<\/div><\/div><div class=\"bde-icon-list-37-120 bde-icon-list\">\n<ul>\n  \n              \n    <li>\n                      \n            \n            \n\n    \n    \n    \n    \n    \n    <a class=\"breakdance-link bde-icon-list__item-wrapper\" href=\"mailto:arho@arho.se\" target=\"_self\" data-type=\"url\"  >\n\n      \n      <span class='bde-icon-list__icon'>\n        <svg xmlns=\"http:\/\/www.w3.org\/2000\/svg\" viewBox=\"0 0 512 512\"><!-- Font Awesome Free 5.15.1 by @fontawesome - https:\/\/fontawesome.com License - https:\/\/fontawesome.com\/license\/free (Icons: CC BY 4.0, Fonts: SIL OFL 1.1, Code: MIT License) --><path d=\"M464 64H48C21.49 64 0 85.49 0 112v288c0 26.51 21.49 48 48 48h416c26.51 0 48-21.49 48-48V112c0-26.51-21.49-48-48-48zm0 48v40.805c-22.422 18.259-58.168 46.651-134.587 106.49-16.841 13.247-50.201 45.072-73.413 44.701-23.208.375-56.579-31.459-73.413-44.701C106.18 199.465 70.425 171.067 48 152.805V112h416zM48 400V214.398c22.914 18.251 55.409 43.862 104.938 82.646 21.857 17.205 60.134 55.186 103.062 54.955 42.717.231 80.509-37.199 103.053-54.947 49.528-38.783 82.032-64.401 104.947-82.653V400H48z\"\/><\/svg>\n      <\/span>\n      <span class='bde-icon-list__text' >\n      arho@arho.se\n      <\/span>\n                  <\/a>\n\n      \n    <\/li>\n\n  \n              \n    <li>\n                      \n            \n            \n\n    \n    \n    \n    \n    \n    <a class=\"breakdance-link bde-icon-list__item-wrapper\" href=\"tel:+4658245580\" target=\"_self\" data-type=\"url\"  >\n\n      \n      <span class='bde-icon-list__icon'>\n        <svg xmlns=\"http:\/\/www.w3.org\/2000\/svg\" viewBox=\"0 0 512 512\"><!-- Font Awesome Free 5.15.1 by @fontawesome - https:\/\/fontawesome.com License - https:\/\/fontawesome.com\/license\/free (Icons: CC BY 4.0, Fonts: SIL OFL 1.1, Code: MIT License) --><path d=\"M497.39 361.8l-112-48a24 24 0 0 0-28 6.9l-49.6 60.6A370.66 370.66 0 0 1 130.6 204.11l60.6-49.6a23.94 23.94 0 0 0 6.9-28l-48-112A24.16 24.16 0 0 0 122.6.61l-104 24A24 24 0 0 0 0 48c0 256.5 207.9 464 464 464a24 24 0 0 0 23.4-18.6l24-104a24.29 24.29 0 0 0-14.01-27.6z\"\/><\/svg>\n      <\/span>\n      <span class='bde-icon-list__text' >\n      +46(0)582 455 80\n      <\/span>\n                  <\/a>\n\n      \n    <\/li>\n\n  <\/ul>\n\n<\/div><div class=\"bde-text-37-110 bde-text\">\nOrg-nr: 556159-7963\n<\/div><div class=\"bde-text-37-111 bde-text\">\nMoms-redovisnings-nr: SE556159796301\n<\/div>\n<\/div>\n<\/div><div class=\"bde-column-37-106 bde-column\" data-entrance=\"slideRight\">\n  \n  \n\t\n\n\n\n<div class=\"bde-form-builder-37-107 bde-form-builder\">\n\n<form id=\"kontaktformular107\" class=\"breakdance-form breakdance-form--vertical\" data-options=\"{&quot;slug&quot;:&quot;custom&quot;,&quot;name&quot;:&quot;Kontaktformul\\u00e4r&quot;,&quot;ajaxUrl&quot;:&quot;https:\\\/\\\/arho.se\\\/wp-admin\\\/admin-ajax.php&quot;,&quot;clearOnSuccess&quot;:true,&quot;hideOnSuccess&quot;:false,&quot;successMessage&quot;:&quot;Ditt meddelande har skickats!&quot;,&quot;errorMessage&quot;:&quot;N\\u00e5gonting gick snett&quot;,&quot;redirect&quot;:true,&quot;redirectUrl&quot;:&quot;https:\\\/\\\/arho.se\\\/tack\\\/&quot;,&quot;customJavaScript&quot;:&quot;&quot;,&quot;recaptcha&quot;:{&quot;key&quot;:&quot;6LdMYMQpAAAAAGtX9bcPZxKnfkUQGlYNXI6tyCZZ&quot;,&quot;enabled&quot;:true},&quot;honeypot_enabled&quot;:false,&quot;popupsOnSuccess&quot;:[],&quot;popupsOnError&quot;:[]}\" data-steps=\"0\" >\n  \n  \n  \n<div class=\"breakdance-form-field breakdance-form-field--text\" >\n    \n    \n            <label class=\"breakdance-form-field__label\" for=\"name\">\n            Namn<span class=\"breakdance-form-field__required\">*<\/span>\n        <\/label>\n    \n    <input\n    class=\"breakdance-form-field__input\"\n    id=\"name\"\n    aria-describedby=\"name\"\n    type=\"text\"\n    name=\"fields[name]\"\n    placeholder=\"\"\n    value=\"\"\n                \n        \n        \n    required\n    \n    \n    \n>\n\n\n    \n    \n<\/div>\n\n\n<div class=\"breakdance-form-field breakdance-form-field--email\" >\n    \n    \n            <label class=\"breakdance-form-field__label\" for=\"email\">\n            Email<span class=\"breakdance-form-field__required\">*<\/span>\n        <\/label>\n    \n    <input\n    class=\"breakdance-form-field__input\"\n    id=\"email\"\n    aria-describedby=\"email\"\n    type=\"email\"\n    name=\"fields[email]\"\n    placeholder=\"\"\n    value=\"\"\n                \n        \n        \n    required\n    \n    \n    \n>\n\n\n    \n    \n<\/div>\n\n\n<div class=\"breakdance-form-field breakdance-form-field--textarea\" >\n    \n    \n            <label class=\"breakdance-form-field__label\" for=\"message\">\n            Meddelande<span class=\"breakdance-form-field__required\">*<\/span>\n        <\/label>\n    \n    <textarea\n    class=\"breakdance-form-field__input\"\n    id=\"message\"\n    aria-describedby=\"message\"\n    type=\"textarea\"\n    name=\"fields[message]\"\n        placeholder=\"\"\n    required\n    >\n<\/textarea>\n\n\n    \n    \n<\/div>\n\n\n<div class=\"breakdance-form-field breakdance-form-field--checkbox\" >\n    \n    \n    \n    <fieldset role=\"group\"\n    aria-label=\"GDPR\"\n    >\n       <legend class=\"breakdance-form-field__label\">GDPR<span class=\"breakdance-form-field__required\">*<\/span><\/legend>\n          <div class=\"breakdance-form-checkbox\">\n          <input\n              type=\"checkbox\"\n              name=\"fields[ysknmb]\"\n              value=\"Jag godk\u00e4nner villkoren i &lt;a href=&quot;https:\/\/arho.se\/integritetspolicy&quot; target=&quot;_blank&quot;&gt;integritetspolicyn&lt;\/a&gt;\"\n              id=\"ysknmb-1\"\n              \n                        >\n          <label class=\"breakdance-form-checkbox__text\" for=\"ysknmb-1\">Jag godk\u00e4nner villkoren i <a href=\"https:\/\/arho.se\/integritetspolicy\" target=\"_blank\">integritetspolicyn<\/a><\/label>\n      <\/div>\n  <\/fieldset>\n\n\n\n    \n    \n<\/div>\n\n\n  \n\n<div class=\"breakdance-form-field breakdance-form-footer\">\n    \n    \n                                    \n    \n    \n    \n    \n            \n            <button type=\"submit\" class=\"button-atom button-atom--primary breakdance-form-button breakdance-form-button__submit\"  >\n    \n        <span class=\"button-atom__text\">Skicka<\/span>\n\n        \n        \n            <\/button>\n    \n    <input type=\"hidden\" name=\"form_id\" value=\"107\">\n    <input type=\"hidden\" name=\"post_id\" value=\"37\">\n<\/div>\n\n  \n<\/form>\n\n\n<\/div>\n<\/div><\/div><\/div>\n<\/section><section class=\"bde-section-37-112 bde-section\">\n  \n  \n\t\n\n\n\n<div class=\"section-container\"><h1 class=\"bde-heading-37-113 bde-heading\">\nPersonal\n<\/h1><div class=\"bde-post-loop-37-114 bde-post-loop\"><div class=\"bde-loop bde-loop-grid ee-posts ee-posts-grid\">    <article class=\"bde-loop-item ee-post\">\n        <div class=\"bde-div-230-100-136-230-1 bde-div bde-div-230-100\">\n  \n  \n\t\n\n\n\n<div class=\"bde-image-230-101-136-230-1 bde-image bde-image-230-101\">\n<figure class=\"breakdance-image breakdance-image--709\">\n\t<div class=\"breakdance-image-container\">\n\t\t<div class=\"breakdance-image-clip\"><img loading=\"lazy\" decoding=\"async\" class=\"breakdance-image-object\" src=\"https:\/\/arho.se\/wp-content\/uploads\/2024\/03\/andreas-arho-2.jpg\" width=\"640\" height=\"800\" srcset=\"https:\/\/arho.se\/wp-content\/uploads\/2024\/03\/andreas-arho-2.jpg 640w, https:\/\/arho.se\/wp-content\/uploads\/2024\/03\/andreas-arho-2-240x300.jpg 240w, https:\/\/arho.se\/wp-content\/uploads\/2024\/03\/andreas-arho-2-10x12.jpg 10w\" sizes=\"auto, (max-width: 640px) 100vw, 640px\"><\/div>\n\t<\/div><\/figure>\n\n<\/div><div class=\"bde-div-230-117-136-230-1 bde-div bde-div-230-117\">\n  \n  \n\t\n\n\n\n<h5 class=\"bde-heading-230-102-136-230-1 bde-heading bde-heading-230-102\">\nAndreas Rask\n<\/h5><div class=\"bde-text-230-103-136-230-1 bde-text bde-text-230-103\">\nVD \/ CEO\n<\/div><div class=\"bde-div-230-116-136-230-1 bde-div bde-div-230-116\">\n  \n  \n\t\n\n\n\n\n<\/div>\n<\/div>\n<\/div>    <\/article>\n    <article class=\"bde-loop-item ee-post\">\n        <div class=\"bde-div-230-100-135-230-1 bde-div bde-div-230-100\">\n  \n  \n\t\n\n\n\n<div class=\"bde-image-230-101-135-230-1 bde-image bde-image-230-101\">\n<figure class=\"breakdance-image breakdance-image--713\">\n\t<div class=\"breakdance-image-container\">\n\t\t<div class=\"breakdance-image-clip\"><img loading=\"lazy\" decoding=\"async\" class=\"breakdance-image-object\" src=\"https:\/\/arho.se\/wp-content\/uploads\/2024\/03\/peter-arho-2.jpg\" width=\"640\" height=\"800\" srcset=\"https:\/\/arho.se\/wp-content\/uploads\/2024\/03\/peter-arho-2.jpg 640w, https:\/\/arho.se\/wp-content\/uploads\/2024\/03\/peter-arho-2-240x300.jpg 240w, https:\/\/arho.se\/wp-content\/uploads\/2024\/03\/peter-arho-2-10x12.jpg 10w\" sizes=\"auto, (max-width: 640px) 100vw, 640px\"><\/div>\n\t<\/div><\/figure>\n\n<\/div><div class=\"bde-div-230-117-135-230-1 bde-div bde-div-230-117\">\n  \n  \n\t\n\n\n\n<h5 class=\"bde-heading-230-102-135-230-1 bde-heading bde-heading-230-102\">\nPeter Kluge\n<\/h5><div class=\"bde-text-230-103-135-230-1 bde-text bde-text-230-103\">\nProduktionschef \/ Vice VD\n<\/div><div class=\"bde-div-230-116-135-230-1 bde-div bde-div-230-116\">\n  \n  \n\t\n\n\n\n\n<\/div>\n<\/div>\n<\/div>    <\/article>\n    <article class=\"bde-loop-item ee-post\">\n        <div class=\"bde-div-230-100-137-230-1 bde-div bde-div-230-100\">\n  \n  \n\t\n\n\n\n<div class=\"bde-image-230-101-137-230-1 bde-image bde-image-230-101\">\n<figure class=\"breakdance-image breakdance-image--711\">\n\t<div class=\"breakdance-image-container\">\n\t\t<div class=\"breakdance-image-clip\"><img loading=\"lazy\" decoding=\"async\" class=\"breakdance-image-object\" src=\"https:\/\/arho.se\/wp-content\/uploads\/2024\/03\/niklas-arho-2.jpg\" width=\"640\" height=\"800\" srcset=\"https:\/\/arho.se\/wp-content\/uploads\/2024\/03\/niklas-arho-2.jpg 640w, https:\/\/arho.se\/wp-content\/uploads\/2024\/03\/niklas-arho-2-240x300.jpg 240w, https:\/\/arho.se\/wp-content\/uploads\/2024\/03\/niklas-arho-2-10x12.jpg 10w\" sizes=\"auto, (max-width: 640px) 100vw, 640px\"><\/div>\n\t<\/div><\/figure>\n\n<\/div><div class=\"bde-div-230-117-137-230-1 bde-div bde-div-230-117\">\n  \n  \n\t\n\n\n\n<h5 class=\"bde-heading-230-102-137-230-1 bde-heading bde-heading-230-102\">\nNiklas Rask\n<\/h5><div class=\"bde-text-230-103-137-230-1 bde-text bde-text-230-103\">\nProduktionschef (Tj\u00e4nstledig)\n<\/div><div class=\"bde-div-230-116-137-230-1 bde-div bde-div-230-116\">\n  \n  \n\t\n\n\n\n\n<\/div>\n<\/div>\n<\/div>    <\/article>\n    <article class=\"bde-loop-item ee-post\">\n        <div class=\"bde-div-230-100-138-230-1 bde-div bde-div-230-100\">\n  \n  \n\t\n\n\n\n<div class=\"bde-image-230-101-138-230-1 bde-image bde-image-230-101\">\n<figure class=\"breakdance-image breakdance-image--714\">\n\t<div class=\"breakdance-image-container\">\n\t\t<div class=\"breakdance-image-clip\"><img loading=\"lazy\" decoding=\"async\" class=\"breakdance-image-object\" src=\"https:\/\/arho.se\/wp-content\/uploads\/2024\/03\/bjorn-arho-2.jpg\" width=\"640\" height=\"800\" srcset=\"https:\/\/arho.se\/wp-content\/uploads\/2024\/03\/bjorn-arho-2.jpg 640w, https:\/\/arho.se\/wp-content\/uploads\/2024\/03\/bjorn-arho-2-240x300.jpg 240w, https:\/\/arho.se\/wp-content\/uploads\/2024\/03\/bjorn-arho-2-10x12.jpg 10w\" sizes=\"auto, (max-width: 640px) 100vw, 640px\"><\/div>\n\t<\/div><\/figure>\n\n<\/div><div class=\"bde-div-230-117-138-230-1 bde-div bde-div-230-117\">\n  \n  \n\t\n\n\n\n<h5 class=\"bde-heading-230-102-138-230-1 bde-heading bde-heading-230-102\">\nBj\u00f6rn Linn\u00e9\n<\/h5><div class=\"bde-text-230-103-138-230-1 bde-text bde-text-230-103\">\nS\u00e4ljare\n<\/div><div class=\"bde-div-230-116-138-230-1 bde-div bde-div-230-116\">\n  \n  \n\t\n\n\n\n\n<\/div>\n<\/div>\n<\/div>    <\/article>\n    <article class=\"bde-loop-item ee-post\">\n        <div class=\"bde-div-230-100-144-230-1 bde-div bde-div-230-100\">\n  \n  \n\t\n\n\n\n<div class=\"bde-image-230-101-144-230-1 bde-image bde-image-230-101\">\n<figure class=\"breakdance-image breakdance-image--712\">\n\t<div class=\"breakdance-image-container\">\n\t\t<div class=\"breakdance-image-clip\"><img loading=\"lazy\" decoding=\"async\" class=\"breakdance-image-object\" src=\"https:\/\/arho.se\/wp-content\/uploads\/2024\/03\/per-anders-arho-2.jpg\" width=\"640\" height=\"800\" srcset=\"https:\/\/arho.se\/wp-content\/uploads\/2024\/03\/per-anders-arho-2.jpg 640w, https:\/\/arho.se\/wp-content\/uploads\/2024\/03\/per-anders-arho-2-240x300.jpg 240w, https:\/\/arho.se\/wp-content\/uploads\/2024\/03\/per-anders-arho-2-10x12.jpg 10w\" sizes=\"auto, (max-width: 640px) 100vw, 640px\"><\/div>\n\t<\/div><\/figure>\n\n<\/div><div class=\"bde-div-230-117-144-230-1 bde-div bde-div-230-117\">\n  \n  \n\t\n\n\n\n<h5 class=\"bde-heading-230-102-144-230-1 bde-heading bde-heading-230-102\">\nPer-Anders Bj\u00f6rn\n<\/h5><div class=\"bde-text-230-103-144-230-1 bde-text bde-text-230-103\">\nProjektledare\n<\/div><div class=\"bde-div-230-116-144-230-1 bde-div bde-div-230-116\">\n  \n  \n\t\n\n\n\n\n<\/div>\n<\/div>\n<\/div>    <\/article>\n    <article class=\"bde-loop-item ee-post\">\n        <div class=\"bde-div-230-100-145-230-1 bde-div bde-div-230-100\">\n  \n  \n\t\n\n\n\n<div class=\"bde-image-230-101-145-230-1 bde-image bde-image-230-101\">\n<figure class=\"breakdance-image breakdance-image--710\">\n\t<div class=\"breakdance-image-container\">\n\t\t<div class=\"breakdance-image-clip\"><img loading=\"lazy\" decoding=\"async\" class=\"breakdance-image-object\" src=\"https:\/\/arho.se\/wp-content\/uploads\/2024\/03\/camilla-arho-2.jpg\" width=\"640\" height=\"800\" srcset=\"https:\/\/arho.se\/wp-content\/uploads\/2024\/03\/camilla-arho-2.jpg 640w, https:\/\/arho.se\/wp-content\/uploads\/2024\/03\/camilla-arho-2-240x300.jpg 240w, https:\/\/arho.se\/wp-content\/uploads\/2024\/03\/camilla-arho-2-10x12.jpg 10w\" sizes=\"auto, (max-width: 640px) 100vw, 640px\"><\/div>\n\t<\/div><\/figure>\n\n<\/div><div class=\"bde-div-230-117-145-230-1 bde-div bde-div-230-117\">\n  \n  \n\t\n\n\n\n<h5 class=\"bde-heading-230-102-145-230-1 bde-heading bde-heading-230-102\">\nCamilla Rom\u00e9ll\n<\/h5><div class=\"bde-text-230-103-145-230-1 bde-text bde-text-230-103\">\nEkonomichef\n<\/div><div class=\"bde-div-230-116-145-230-1 bde-div bde-div-230-116\">\n  \n  \n\t\n\n\n\n\n<\/div>\n<\/div>\n<\/div>    <\/article>\n    <article class=\"bde-loop-item ee-post\">\n        <div class=\"bde-div-230-100-897-230-1 bde-div bde-div-230-100\">\n  \n  \n\t\n\n\n\n<div class=\"bde-image-230-101-897-230-1 bde-image bde-image-230-101\">\n<figure class=\"breakdance-image breakdance-image--908\">\n\t<div class=\"breakdance-image-container\">\n\t\t<div class=\"breakdance-image-clip\"><img loading=\"lazy\" decoding=\"async\" class=\"breakdance-image-object\" src=\"https:\/\/arho.se\/wp-content\/uploads\/2025\/06\/emelie-6.jpg\" width=\"1100\" height=\"1375\" srcset=\"https:\/\/arho.se\/wp-content\/uploads\/2025\/06\/emelie-6.jpg 1100w, https:\/\/arho.se\/wp-content\/uploads\/2025\/06\/emelie-6-240x300.jpg 240w, https:\/\/arho.se\/wp-content\/uploads\/2025\/06\/emelie-6-819x1024.jpg 819w, https:\/\/arho.se\/wp-content\/uploads\/2025\/06\/emelie-6-768x960.jpg 768w, https:\/\/arho.se\/wp-content\/uploads\/2025\/06\/emelie-6-10x12.jpg 10w\" sizes=\"auto, (max-width: 1100px) 100vw, 1100px\"><\/div>\n\t<\/div><\/figure>\n\n<\/div><div class=\"bde-div-230-117-897-230-1 bde-div bde-div-230-117\">\n  \n  \n\t\n\n\n\n<h5 class=\"bde-heading-230-102-897-230-1 bde-heading bde-heading-230-102\">\nEmelie Willers\n<\/h5><div class=\"bde-text-230-103-897-230-1 bde-text bde-text-230-103\">\nCommunity Manager (People & Culture)\n<\/div><div class=\"bde-div-230-116-897-230-1 bde-div bde-div-230-116\">\n  \n  \n\t\n\n\n\n\n<\/div>\n<\/div>\n<\/div>    <\/article>\n<\/div>\r\n<\/div><\/div>\n<\/section>","protected":false},"excerpt":{"rendered":"<p>Kontakta oss V\u00e4lkommen att kontakta oss via kontaktformul\u00e4r, telefon eller mail. Bergsmansv\u00e4gen 7SE-694 35 HallsbergSverige US office:ARHO Inc263 Shuman Blvd, Suite 145Naperville, IL 60563 arho@arho.se +46(0)582 455 80 Org-nr: 556159-7963 Moms-redovisnings-nr: SE556159796301 Namn* Email* Meddelande* GDPR* Jag godk\u00e4nner villkoren i integritetspolicyn Skicka Personal Andreas Rask VD \/ CEO Peter Kluge Produktionschef \/ Vice VD Niklas [&hellip;]<\/p>\n","protected":false},"author":1,"featured_media":0,"parent":0,"menu_order":0,"comment_status":"closed","ping_status":"closed","template":"","meta":{"_acf_changed":false,"_breakdance_hide_in_design_set":false,"_breakdance_tags":"","footnotes":""},"class_list":["post-37","page","type-page","status-publish","hentry"],"acf":[],"_links":{"self":[{"href":"https:\/\/arho.se\/en\/wp-json\/wp\/v2\/pages\/37","targetHints":{"allow":["GET"]}}],"collection":[{"href":"https:\/\/arho.se\/en\/wp-json\/wp\/v2\/pages"}],"about":[{"href":"https:\/\/arho.se\/en\/wp-json\/wp\/v2\/types\/page"}],"author":[{"embeddable":true,"href":"https:\/\/arho.se\/en\/wp-json\/wp\/v2\/users\/1"}],"replies":[{"embeddable":true,"href":"https:\/\/arho.se\/en\/wp-json\/wp\/v2\/comments?post=37"}],"version-history":[{"count":22,"href":"https:\/\/arho.se\/en\/wp-json\/wp\/v2\/pages\/37\/revisions"}],"predecessor-version":[{"id":784,"href":"https:\/\/arho.se\/en\/wp-json\/wp\/v2\/pages\/37\/revisions\/784"}],"wp:attachment":[{"href":"https:\/\/arho.se\/en\/wp-json\/wp\/v2\/media?parent=37"}],"curies":[{"name":"wp","href":"https:\/\/api.w.org\/{rel}","templated":true}]}}