{"id":35,"date":"2024-03-05T08:22:45","date_gmt":"2024-03-05T07:22:45","guid":{"rendered":"https:\/\/arho.se\/?page_id=35"},"modified":"2024-06-14T10:39:44","modified_gmt":"2024-06-14T08:39:44","slug":"partners","status":"publish","type":"page","link":"https:\/\/arho.se\/en\/samarbetspartners\/","title":{"rendered":"Cooperation partners"},"content":{"rendered":"<section class=\"bde-section-35-100 bde-section\">\n  \n  \n\t\n\n\n\n<div class=\"section-container\"><div class=\"bde-div-35-101 bde-div\">\n  \n  \n\t\n\n\n\n<h1 class=\"bde-heading-35-102 bde-heading\">\nCooperation partners\n<\/h1><div class=\"bde-text-35-103 bde-text\">\nWe are a local company with global customers and partners. A selection is presented here.\n<\/div>\n<\/div><\/div>\n<\/section><section id=\"robotautomation\" class=\"bde-section-35-104 bde-section\">\n  \n  \n\t\n\n\n\n<div class=\"section-container\"><div class=\"bde-columns-35-105 bde-columns\"><div class=\"bde-column-35-106 bde-column\">\n  \n  \n\t\n\n\n\n<h2 class=\"bde-heading-35-107 bde-heading\">\nValue Provider ABB\n<\/h2><div class=\"bde-text-35-108 bde-text\">\nARHO AB is an authorized member of ABB's program, ABB Value Provider. Through this, ARHO has access to ABB's complete portfolio. The ABB Value Provider Program is a global partner program for system integrators.\n<\/div><div class=\"bde-text-35-129 bde-text\">\nThe authorization program is a procedure to guarantee that the services the customer receives from ABB Value Providers are at the same leading level as the quality of ABB products, both globally and locally. ARHO AB is authorized as an ABB Value Provider and has deep knowledge of local markets and is familiar with ABB's products and processes.\n<\/div>\n<\/div><div class=\"bde-column-35-114 bde-column\">\n  \n  \n\t\n\n\n\n<div class=\"bde-gallery-35-126 bde-gallery\" data-entrance=\"slideRight\">\n\n\n\n\n\n\n\n\n\n\n\n\n\n<div class=\"ee-gallery ee-gallery--isotope ee-gallery--masonry ee-gallery-- ee-gallery--lightbox ee-gallery-- ee-gallery--caption- ee-gallery--caption-none ee-gallery--ratio\">\n                  \n      <a class=\"ee-gallery-item ee-gallery-item--image ee-gallery-item--single\" href=\"https:\/\/arho.se\/wp-content\/uploads\/2024\/03\/ABB_VPP_Label_Web_140x140px_300ppi-150x150-1.png\"  data-sub-html=\"<span><\/span>\" data-category=\"1\"                  data-lg-size=\"150-150\"\n\n      >\n        <figure class=\"ee-gallery-item-figure\">\n                        <img loading=\"lazy\" decoding=\"async\" class=\"breakdance-image-object\" src=\"https:\/\/arho.se\/wp-content\/uploads\/2024\/03\/ABB_VPP_Label_Web_140x140px_300ppi-150x150-1.png\" width=\"150\" height=\"150\" sizes=\"auto, (max-width: 150px) 100vw, 150px\">\n          \n                  <\/figure>\n      <\/a>\n\n                \n      <a class=\"ee-gallery-item ee-gallery-item--image ee-gallery-item--single\" href=\"https:\/\/arho.se\/wp-content\/uploads\/2024\/03\/abb2.jpg\"  data-sub-html=\"<span><\/span>\" data-category=\"1\"                  data-lg-size=\"613-364\"\n\n      >\n        <figure class=\"ee-gallery-item-figure\">\n                        <img loading=\"lazy\" decoding=\"async\" class=\"breakdance-image-object\" src=\"https:\/\/arho.se\/wp-content\/uploads\/2024\/03\/abb2.jpg\" width=\"613\" height=\"364\" srcset=\"https:\/\/arho.se\/wp-content\/uploads\/2024\/03\/abb2.jpg 613w, https:\/\/arho.se\/wp-content\/uploads\/2024\/03\/abb2-300x178.jpg 300w\" sizes=\"auto, (max-width: 613px) 100vw, 613px\">\n          \n                  <\/figure>\n      <\/a>\n\n                \n      <a class=\"ee-gallery-item ee-gallery-item--image ee-gallery-item--single\" href=\"https:\/\/arho.se\/wp-content\/uploads\/2024\/03\/abb3.jpg\"  data-sub-html=\"<span><\/span>\" data-category=\"1\"                  data-lg-size=\"346-364\"\n\n      >\n        <figure class=\"ee-gallery-item-figure\">\n                        <img loading=\"lazy\" decoding=\"async\" class=\"breakdance-image-object\" src=\"https:\/\/arho.se\/wp-content\/uploads\/2024\/03\/abb3.jpg\" width=\"346\" height=\"364\" srcset=\"https:\/\/arho.se\/wp-content\/uploads\/2024\/03\/abb3.jpg 346w, https:\/\/arho.se\/wp-content\/uploads\/2024\/03\/abb3-285x300.jpg 285w\" sizes=\"auto, (max-width: 346px) 100vw, 346px\">\n          \n                  <\/figure>\n      <\/a>\n\n                \n      <a class=\"ee-gallery-item ee-gallery-item--image ee-gallery-item--single\" href=\"https:\/\/arho.se\/wp-content\/uploads\/2024\/03\/abb4.jpg\"  data-sub-html=\"<span><\/span>\" data-category=\"1\"                  data-lg-size=\"532-361\"\n\n      >\n        <figure class=\"ee-gallery-item-figure\">\n                        <img loading=\"lazy\" decoding=\"async\" class=\"breakdance-image-object\" src=\"https:\/\/arho.se\/wp-content\/uploads\/2024\/03\/abb4.jpg\" width=\"532\" height=\"361\" srcset=\"https:\/\/arho.se\/wp-content\/uploads\/2024\/03\/abb4.jpg 532w, https:\/\/arho.se\/wp-content\/uploads\/2024\/03\/abb4-300x204.jpg 300w\" sizes=\"auto, (max-width: 532px) 100vw, 532px\">\n          \n                  <\/figure>\n      <\/a>\n\n      \n      <div class=\"ee-gallery-gutter\"><\/div>\n  <\/div>\n\n\n\n<\/div>\n<\/div><\/div><\/div>\n<\/section><section class=\"bde-section-35-149 bde-section\">\n  \n  \n\t\n\n\n\n<div class=\"section-container\"><div class=\"bde-fancy-divider-35-148 bde-fancy-divider\">\n\n\n<div class=\"bde-fancy-divider__wrapper\">\n  <div class=\"bde-fancy-divider__separator has-content\">\n  \t    \t    \t    \t\t\t    \t\t<div class=\"bde-fancy-divider__content bde-fancy-divider__content--icon\"><svg xmlns=\"http:\/\/www.w3.org\/2000\/svg\" version=\"1.0\" width=\"100.000000pt\" height=\"100.000000pt\" viewbox=\"0 0 100.000000 100.000000\" preserveaspectratio=\"xMidYMid meet\">  <g transform=\"translate(0.000000,100.000000) scale(0.100000,-0.100000)\" fill=\"#477793\" stroke=\"none\"> <path d=\"M390 902 c-48 -25 -85 -98 -75 -149 8 -43 67 -108 108 -118 48 -12 99 4 139 45 35 35 38 42 38 93 0 45 -5 61 -26 87 -51 61 -119 76 -184 42z m103 -54 c57 -30 64 -92 16 -132 -35 -30 -49 -32 -88 -11 -59 30 -57 110 4 143 26 15 41 15 68 0z\"\/> <path d=\"M429 794 c-17 -21 0 -49 31 -49 31 0 48 28 31 49 -8 9 -21 16 -31 16 -10 0 -23 -7 -31 -16z\"\/> <path d=\"M272 588 l-59 -82 24 -19 c28 -22 23 -26 93 71 51 70 52 74 35 92 -10 11 -22 20 -26 20 -4 0 -34 -37 -67 -82z\"\/> <path d=\"M543 642 l-22 -17 75 -120 c41 -66 78 -121 82 -122 4 -2 17 5 29 15 l22 17 -77 122 c-42 68 -79 123 -82 123 -3 0 -15 -8 -27 -18z\"\/> <path d=\"M115 490 c-61 -25 -91 -109 -61 -168 36 -71 144 -83 198 -23 81 90 -25 238 -137 191z m89 -61 c50 -39 22 -119 -43 -119 -33 0 -71 39 -71 72 0 24 44 68 68 68 11 0 31 -9 46 -21z\"\/> <path d=\"M134 396 c-10 -26 4 -48 28 -44 33 4 33 52 0 56 -13 2 -25 -3 -28 -12z\"\/> <path d=\"M735 395 c-132 -71 -137 -234 -9 -296 111 -53 234 22 234 143 0 60 -19 98 -65 134 -45 34 -116 42 -160 19z m105 -70 c81 -42 59 -157 -31 -171 -30 -5 -42 -1 -69 23 -25 23 -32 36 -32 66 0 40 22 73 57 88 30 12 43 11 75 -6z\"\/> <path d=\"M766 268 c-27 -38 12 -81 53 -58 27 14 28 56 2 70 -28 15 -38 13 -55 -12z\"\/> <\/g> <\/svg><\/div>\n    \t                  <\/div>\n<\/div>\n\n<\/div><\/div>\n<\/section><section id=\"robotautomation\" class=\"bde-section-35-130 bde-section\">\n  \n  \n\t\n\n\n\n<div class=\"section-container\"><div class=\"bde-columns-35-131 bde-columns\"><div class=\"bde-column-35-132 bde-column\">\n  \n  \n\t\n\n\n\n<h2 class=\"bde-heading-35-133 bde-heading\">\nCertified System Integrator Universal Robots\n<\/h2><div class=\"bde-text-35-134 bde-text\">\nARHO AB is a certified system integrator for Universal Robots.<br>Universal Robots is the pioneer of collaborative robots.\n<\/div><div class=\"bde-text-35-135 bde-text\">\nCertified System Integrators (CSI) are mainly regionally based and exist to create applications, often by integrating multiple pieces of hardware and software for the end customer.<br><br>Integrators do this by offering technical advice and 'turnkey' project deliveries to end customers who want to establish robots in their operations - for example on a manufacturing line.<br><br>Typically, customers use integrators because they know what they want, but not how to get there. Integrators fill in these gaps for them, support and are fully responsible for the integration phase and provide training and support to end customers. Integrators are specialists in the applications they offer. They can therefore focus their deep knowledge of specific processes and industries to offer tailor-made systems and specialized industrial applications such as screwdriving, polishing, bin-picking, gluing, assembly and grinding. These applications are often integrated via the integrator, including a programmable logic controller, communication protocols and, increasingly, predictive maintenance.\n<\/div>\n<\/div><div class=\"bde-column-35-136 bde-column\">\n  \n  \n\t\n\n\n\n<div class=\"bde-image-35-138 bde-image\" data-entrance=\"slideRight\">\n<figure class=\"breakdance-image breakdance-image--439\">\n\t<div class=\"breakdance-image-container\">\n\t\t<div class=\"breakdance-image-clip\"><img loading=\"lazy\" decoding=\"async\" class=\"breakdance-image-object\" src=\"https:\/\/arho.se\/wp-content\/uploads\/2024\/03\/univ1.jpg\" width=\"1255\" height=\"698\" srcset=\"https:\/\/arho.se\/wp-content\/uploads\/2024\/03\/univ1.jpg 1255w, https:\/\/arho.se\/wp-content\/uploads\/2024\/03\/univ1-300x167.jpg 300w, https:\/\/arho.se\/wp-content\/uploads\/2024\/03\/univ1-1024x570.jpg 1024w, https:\/\/arho.se\/wp-content\/uploads\/2024\/03\/univ1-768x427.jpg 768w\" sizes=\"auto, (max-width: 1255px) 100vw, 1255px\"><\/div>\n\t<\/div><\/figure>\n\n<\/div>\n<\/div><\/div><\/div>\n<\/section><section class=\"bde-section-35-150 bde-section\">\n  \n  \n\t\n\n\n\n<div class=\"section-container\"><div class=\"bde-fancy-divider-35-151 bde-fancy-divider\">\n\n\n<div class=\"bde-fancy-divider__wrapper\">\n  <div class=\"bde-fancy-divider__separator has-content\">\n  \t    \t    \t    \t\t\t    \t\t<div class=\"bde-fancy-divider__content bde-fancy-divider__content--icon\"><svg xmlns=\"http:\/\/www.w3.org\/2000\/svg\" version=\"1.0\" width=\"100.000000pt\" height=\"100.000000pt\" viewbox=\"0 0 100.000000 100.000000\" preserveaspectratio=\"xMidYMid meet\">  <g transform=\"translate(0.000000,100.000000) scale(0.100000,-0.100000)\" fill=\"#477793\" stroke=\"none\"> <path d=\"M390 902 c-48 -25 -85 -98 -75 -149 8 -43 67 -108 108 -118 48 -12 99 4 139 45 35 35 38 42 38 93 0 45 -5 61 -26 87 -51 61 -119 76 -184 42z m103 -54 c57 -30 64 -92 16 -132 -35 -30 -49 -32 -88 -11 -59 30 -57 110 4 143 26 15 41 15 68 0z\"\/> <path d=\"M429 794 c-17 -21 0 -49 31 -49 31 0 48 28 31 49 -8 9 -21 16 -31 16 -10 0 -23 -7 -31 -16z\"\/> <path d=\"M272 588 l-59 -82 24 -19 c28 -22 23 -26 93 71 51 70 52 74 35 92 -10 11 -22 20 -26 20 -4 0 -34 -37 -67 -82z\"\/> <path d=\"M543 642 l-22 -17 75 -120 c41 -66 78 -121 82 -122 4 -2 17 5 29 15 l22 17 -77 122 c-42 68 -79 123 -82 123 -3 0 -15 -8 -27 -18z\"\/> <path d=\"M115 490 c-61 -25 -91 -109 -61 -168 36 -71 144 -83 198 -23 81 90 -25 238 -137 191z m89 -61 c50 -39 22 -119 -43 -119 -33 0 -71 39 -71 72 0 24 44 68 68 68 11 0 31 -9 46 -21z\"\/> <path d=\"M134 396 c-10 -26 4 -48 28 -44 33 4 33 52 0 56 -13 2 -25 -3 -28 -12z\"\/> <path d=\"M735 395 c-132 -71 -137 -234 -9 -296 111 -53 234 22 234 143 0 60 -19 98 -65 134 -45 34 -116 42 -160 19z m105 -70 c81 -42 59 -157 -31 -171 -30 -5 -42 -1 -69 23 -25 23 -32 36 -32 66 0 40 22 73 57 88 30 12 43 11 75 -6z\"\/> <path d=\"M766 268 c-27 -38 12 -81 53 -58 27 14 28 56 2 70 -28 15 -38 13 -55 -12z\"\/> <\/g> <\/svg><\/div>\n    \t                  <\/div>\n<\/div>\n\n<\/div><\/div>\n<\/section><section id=\"robotautomation\" class=\"bde-section-35-139 bde-section\">\n  \n  \n\t\n\n\n\n<div class=\"section-container\"><div class=\"bde-columns-35-140 bde-columns\"><div class=\"bde-column-35-141 bde-column\">\n  \n  \n\t\n\n\n\n<h2 class=\"bde-heading-35-142 bde-heading\">\nSystem Integrator Robotize's AMR\n<\/h2><div class=\"bde-text-35-143 bde-text\">\nARHO AB is a system integrator for Robotize.\n<\/div>\n<\/div><div class=\"bde-column-35-145 bde-column\">\n  \n  \n\t\n\n\n\n<div class=\"bde-image-35-147 bde-image\" data-entrance=\"slideRight\">\n<figure class=\"breakdance-image breakdance-image--438\">\n\t<div class=\"breakdance-image-container\">\n\t\t<div class=\"breakdance-image-clip\"><img loading=\"lazy\" decoding=\"async\" class=\"breakdance-image-object\" src=\"https:\/\/arho.se\/wp-content\/uploads\/2024\/03\/robo1.jpg\" width=\"1132\" height=\"500\" srcset=\"https:\/\/arho.se\/wp-content\/uploads\/2024\/03\/robo1.jpg 1132w, https:\/\/arho.se\/wp-content\/uploads\/2024\/03\/robo1-300x133.jpg 300w, https:\/\/arho.se\/wp-content\/uploads\/2024\/03\/robo1-1024x452.jpg 1024w, https:\/\/arho.se\/wp-content\/uploads\/2024\/03\/robo1-768x339.jpg 768w\" sizes=\"auto, (max-width: 1132px) 100vw, 1132px\"><\/div>\n\t<\/div><\/figure>\n\n<\/div>\n<\/div><\/div><\/div>\n<\/section><section class=\"bde-section-35-152 bde-section\">\n  \n  \n\t\n\n\n\n<div class=\"section-container\"><div class=\"bde-fancy-divider-35-153 bde-fancy-divider\">\n\n\n<div class=\"bde-fancy-divider__wrapper\">\n  <div class=\"bde-fancy-divider__separator has-content\">\n  \t    \t    \t    \t\t\t    \t\t<div class=\"bde-fancy-divider__content bde-fancy-divider__content--icon\"><svg xmlns=\"http:\/\/www.w3.org\/2000\/svg\" version=\"1.0\" width=\"100.000000pt\" height=\"100.000000pt\" viewbox=\"0 0 100.000000 100.000000\" preserveaspectratio=\"xMidYMid meet\">  <g transform=\"translate(0.000000,100.000000) scale(0.100000,-0.100000)\" fill=\"#477793\" stroke=\"none\"> <path d=\"M390 902 c-48 -25 -85 -98 -75 -149 8 -43 67 -108 108 -118 48 -12 99 4 139 45 35 35 38 42 38 93 0 45 -5 61 -26 87 -51 61 -119 76 -184 42z m103 -54 c57 -30 64 -92 16 -132 -35 -30 -49 -32 -88 -11 -59 30 -57 110 4 143 26 15 41 15 68 0z\"\/> <path d=\"M429 794 c-17 -21 0 -49 31 -49 31 0 48 28 31 49 -8 9 -21 16 -31 16 -10 0 -23 -7 -31 -16z\"\/> <path d=\"M272 588 l-59 -82 24 -19 c28 -22 23 -26 93 71 51 70 52 74 35 92 -10 11 -22 20 -26 20 -4 0 -34 -37 -67 -82z\"\/> <path d=\"M543 642 l-22 -17 75 -120 c41 -66 78 -121 82 -122 4 -2 17 5 29 15 l22 17 -77 122 c-42 68 -79 123 -82 123 -3 0 -15 -8 -27 -18z\"\/> <path d=\"M115 490 c-61 -25 -91 -109 -61 -168 36 -71 144 -83 198 -23 81 90 -25 238 -137 191z m89 -61 c50 -39 22 -119 -43 -119 -33 0 -71 39 -71 72 0 24 44 68 68 68 11 0 31 -9 46 -21z\"\/> <path d=\"M134 396 c-10 -26 4 -48 28 -44 33 4 33 52 0 56 -13 2 -25 -3 -28 -12z\"\/> <path d=\"M735 395 c-132 -71 -137 -234 -9 -296 111 -53 234 22 234 143 0 60 -19 98 -65 134 -45 34 -116 42 -160 19z m105 -70 c81 -42 59 -157 -31 -171 -30 -5 -42 -1 -69 23 -25 23 -32 36 -32 66 0 40 22 73 57 88 30 12 43 11 75 -6z\"\/> <path d=\"M766 268 c-27 -38 12 -81 53 -58 27 14 28 56 2 70 -28 15 -38 13 -55 -12z\"\/> <\/g> <\/svg><\/div>\n    \t                  <\/div>\n<\/div>\n\n<\/div><\/div>\n<\/section><section id=\"robotautomation\" class=\"bde-section-35-162 bde-section\">\n  \n  \n\t\n\n\n\n<div class=\"section-container\"><div class=\"bde-columns-35-163 bde-columns\"><div class=\"bde-column-35-164 bde-column\">\n  \n  \n\t\n\n\n\n<h2 class=\"bde-heading-35-165 bde-heading\">\nSystem Integrator Agilox's IGV\n<\/h2><div class=\"bde-text-35-166 bde-text\">\nARHO AB is a system integrator for Agilox.\n<\/div>\n<\/div><div class=\"bde-column-35-168 bde-column\">\n  \n  \n\t\n\n\n\n<div class=\"bde-gallery-35-169 bde-gallery\" data-entrance=\"slideRight\">\n\n\n  \n\n\n\n\n\n\n\n\n\n\n<div class=\"ee-gallery ee-gallery--default ee-gallery--grid ee-gallery-- ee-gallery--lightbox ee-gallery-- ee-gallery--caption- ee-gallery--caption-none ee-gallery--ratio\">\n                  \n      <a class=\"ee-gallery-item ee-gallery-item--image ee-gallery-item--single\" href=\"https:\/\/arho.se\/wp-content\/uploads\/2024\/03\/agi1.jpg\"  data-sub-html=\"<span><\/span>\" data-category=\"1\"                  data-lg-size=\"225-224\"\n\n      >\n        <figure class=\"ee-gallery-item-figure\">\n                        <img loading=\"lazy\" decoding=\"async\" class=\"breakdance-image-object\" src=\"https:\/\/arho.se\/wp-content\/uploads\/2024\/03\/agi1.jpg\" width=\"225\" height=\"224\" srcset=\"https:\/\/arho.se\/wp-content\/uploads\/2024\/03\/agi1.jpg 225w, https:\/\/arho.se\/wp-content\/uploads\/2024\/03\/agi1-150x150.jpg 150w\" sizes=\"auto, (max-width: 225px) 100vw, 225px\">\n          \n                  <\/figure>\n      <\/a>\n\n                \n      <a class=\"ee-gallery-item ee-gallery-item--image ee-gallery-item--single\" href=\"https:\/\/arho.se\/wp-content\/uploads\/2024\/03\/agi2.jpg\"  data-sub-html=\"<span><\/span>\" data-category=\"1\"                  data-lg-size=\"581-387\"\n\n      >\n        <figure class=\"ee-gallery-item-figure\">\n                        <img loading=\"lazy\" decoding=\"async\" class=\"breakdance-image-object\" src=\"https:\/\/arho.se\/wp-content\/uploads\/2024\/03\/agi2.jpg\" width=\"581\" height=\"387\" srcset=\"https:\/\/arho.se\/wp-content\/uploads\/2024\/03\/agi2.jpg 581w, https:\/\/arho.se\/wp-content\/uploads\/2024\/03\/agi2-300x200.jpg 300w\" sizes=\"auto, (max-width: 581px) 100vw, 581px\">\n          \n                  <\/figure>\n      <\/a>\n\n                \n      <a class=\"ee-gallery-item ee-gallery-item--image ee-gallery-item--single\" href=\"https:\/\/arho.se\/wp-content\/uploads\/2024\/03\/agi3.jpg\"  data-sub-html=\"<span><\/span>\" data-category=\"1\"                  data-lg-size=\"880-440\"\n\n      >\n        <figure class=\"ee-gallery-item-figure\">\n                        <img loading=\"lazy\" decoding=\"async\" class=\"breakdance-image-object\" src=\"https:\/\/arho.se\/wp-content\/uploads\/2024\/03\/agi3.jpg\" width=\"880\" height=\"440\" srcset=\"https:\/\/arho.se\/wp-content\/uploads\/2024\/03\/agi3.jpg 880w, https:\/\/arho.se\/wp-content\/uploads\/2024\/03\/agi3-300x150.jpg 300w, https:\/\/arho.se\/wp-content\/uploads\/2024\/03\/agi3-768x384.jpg 768w\" sizes=\"auto, (max-width: 880px) 100vw, 880px\">\n          \n                  <\/figure>\n      <\/a>\n\n      \n  <\/div>\n\n\n\n<\/div>\n<\/div><\/div><\/div>\n<\/section>","protected":false},"excerpt":{"rendered":"<p>Samarbetspartners Vi \u00e4r ett lokalt f\u00f6retag med globala kunder och samarbetspartners. H\u00e4r presenteras ett urval. Value Provider ABB ARHO AB \u00e4r auktoriserad medlem i ABB:s program, ABB Value Provider. Genom detta har ARHO tillg\u00e5ng till ABB:s kompletta portf\u00f6lj. ABB Value Provider Program \u00e4r ett globalt partnerprogram f\u00f6r systemintegrat\u00f6rer. Auktoriseringsprogrammet \u00e4r ett f\u00f6rfarande f\u00f6r att garantera [&hellip;]<\/p>\n","protected":false},"author":1,"featured_media":0,"parent":0,"menu_order":0,"comment_status":"closed","ping_status":"closed","template":"","meta":{"_acf_changed":false,"_breakdance_hide_in_design_set":false,"_breakdance_tags":"","footnotes":""},"class_list":["post-35","page","type-page","status-publish","hentry"],"acf":[],"_links":{"self":[{"href":"https:\/\/arho.se\/en\/wp-json\/wp\/v2\/pages\/35","targetHints":{"allow":["GET"]}}],"collection":[{"href":"https:\/\/arho.se\/en\/wp-json\/wp\/v2\/pages"}],"about":[{"href":"https:\/\/arho.se\/en\/wp-json\/wp\/v2\/types\/page"}],"author":[{"embeddable":true,"href":"https:\/\/arho.se\/en\/wp-json\/wp\/v2\/users\/1"}],"replies":[{"embeddable":true,"href":"https:\/\/arho.se\/en\/wp-json\/wp\/v2\/comments?post=35"}],"version-history":[{"count":11,"href":"https:\/\/arho.se\/en\/wp-json\/wp\/v2\/pages\/35\/revisions"}],"predecessor-version":[{"id":812,"href":"https:\/\/arho.se\/en\/wp-json\/wp\/v2\/pages\/35\/revisions\/812"}],"wp:attachment":[{"href":"https:\/\/arho.se\/en\/wp-json\/wp\/v2\/media?parent=35"}],"curies":[{"name":"wp","href":"https:\/\/api.w.org\/{rel}","templated":true}]}}