{"id":33,"date":"2024-03-05T08:22:31","date_gmt":"2024-03-05T07:22:31","guid":{"rendered":"https:\/\/arho.se\/?page_id=33"},"modified":"2024-06-14T10:37:49","modified_gmt":"2024-06-14T08:37:49","slug":"about-us","status":"publish","type":"page","link":"https:\/\/arho.se\/en\/om-oss\/","title":{"rendered":"About us"},"content":{"rendered":"<section class=\"bde-section-33-100 bde-section\">\n  \n  \n\t\n\n\n\n<div class=\"section-container\"><div class=\"bde-div-33-101 bde-div\">\n  \n  \n\t\n\n\n\n<h1 class=\"bde-heading-33-102 bde-heading\">\nAbout us\n<\/h1><div class=\"bde-text-33-103 bde-text\">\nWe specialize in robot integration, robot automation and fixtures. We have been working with automation since the 70s.\n<\/div>\n<\/div><\/div>\n<\/section><section id=\"robotautomation\" class=\"bde-section-33-104 bde-section\">\n  \n  \n\t\n\n\n\n<div class=\"section-container\"><div class=\"bde-columns-33-105 bde-columns\"><div class=\"bde-column-33-106 bde-column\">\n  \n  \n\t\n\n\n\n<h2 class=\"bde-heading-33-107 bde-heading\">\nWelcome to Arho\n<\/h2><div class=\"bde-text-33-108 bde-text\">\nWe specialize in robot integration, robot automation and fixtures. We have been working with automation since the 70s.\n<\/div><div class=\"bde-text-33-109 bde-text\">\nWe offer customized equipment and increased levels of automation to help lower your manufacturing costs. We deliver specialized machines and automation solutions to several companies that are investing in expansion and expansion to produce in Sweden, such as Atlas Copco, Volvo and Meritor. Our knowledge helps companies in several different industries where increased automation provides increased efficiency. For example, in automotive, food, packaging and plastics.\n<\/div><div class=\"bde-text-33-110 bde-text\">\nOur strength is our breadth and depth of industry knowledge in each area. We have our own factory and production facilities. This means that we have our own control over our products. The expertise we have in one business area we can take with us to another, which means we are constantly developing.\n<\/div><div class=\"bde-text-33-116 bde-text\">\nOur operations are based in Hallsberg, south of \u00d6rebro. A geographically good place to quickly serve our customers from. If you want to know more about what we do and how we can help you, contact us today!\n<\/div><div class=\"bde-div-33-111 bde-div\">\n  \n  \n\t\n\n\n\n<div class=\"bde-button-33-112 bde-button\">\n    \n                        \n                        \n    \n    \n    \n    \n            \n                    \n            \n            \n\n    \n    \n    \n    \n    \n    <a class=\"breakdance-link button-atom button-atom--primary bde-button__button\" href=\"https:\/\/arho.se\/en\/contact\/\" target=\"_self\" data-type=\"url\"  >\n\n    \n        <span class=\"button-atom__text\">Contact us<\/span>\n\n                            \n        \n                <\/a>\n\n    \n\n\n<\/div><div class=\"bde-button-33-117 bde-button\">\n    \n                        \n                        \n    \n    \n    \n    \n            \n                    \n            \n            \n\n    \n    \n    \n    \n    \n    <a class=\"breakdance-link button-atom button-atom--primary bde-button__button\" href=\"https:\/\/arho.se\/en\/about-us\/work-with-us\/\" target=\"_self\" data-type=\"url\"  >\n\n    \n        <span class=\"button-atom__text\">Working with us<\/span>\n\n                            \n        \n                <\/a>\n\n    \n\n\n<\/div>\n<\/div>\n<\/div><div class=\"bde-column-33-113 bde-column\">\n  \n  \n\t\n\n\n\n<div class=\"bde-image-33-114 bde-image\" data-entrance=\"slideRight\">\n<figure class=\"breakdance-image breakdance-image--98\">\n\t<div class=\"breakdance-image-container\">\n\t\t<div class=\"breakdance-image-clip\"><img loading=\"lazy\" decoding=\"async\" class=\"breakdance-image-object\" src=\"https:\/\/arho.se\/wp-content\/uploads\/2024\/03\/Z6A7853-510x382-1.jpg\" width=\"510\" height=\"382\" srcset=\"https:\/\/arho.se\/wp-content\/uploads\/2024\/03\/Z6A7853-510x382-1.jpg 510w, https:\/\/arho.se\/wp-content\/uploads\/2024\/03\/Z6A7853-510x382-1-300x225.jpg 300w\" sizes=\"auto, (max-width: 510px) 100vw, 510px\"><\/div>\n\t<\/div><\/figure>\n\n<\/div><div class=\"bde-image-33-115 bde-image\" data-entrance=\"slideRight\">\n<figure class=\"breakdance-image breakdance-image--101\">\n\t<div class=\"breakdance-image-container\">\n\t\t<div class=\"breakdance-image-clip\"><img loading=\"lazy\" decoding=\"async\" class=\"breakdance-image-object\" src=\"https:\/\/arho.se\/wp-content\/uploads\/2024\/03\/Z6A7902.jpg\" width=\"1181\" height=\"787\" srcset=\"https:\/\/arho.se\/wp-content\/uploads\/2024\/03\/Z6A7902.jpg 1181w, https:\/\/arho.se\/wp-content\/uploads\/2024\/03\/Z6A7902-300x200.jpg 300w, https:\/\/arho.se\/wp-content\/uploads\/2024\/03\/Z6A7902-1024x682.jpg 1024w, https:\/\/arho.se\/wp-content\/uploads\/2024\/03\/Z6A7902-768x512.jpg 768w\" sizes=\"auto, (max-width: 1181px) 100vw, 1181px\"><\/div>\n\t<\/div><\/figure>\n\n<\/div>\n<\/div><\/div><\/div>\n<\/section>","protected":false},"excerpt":{"rendered":"<p>Om oss Vi \u00e4r specialister p\u00e5 robotintegration, robotautomation och fixturer. Vi har jobbat med automation sedan 70-talet. V\u00e4lkommen till Arho Vi \u00e4r specialister p\u00e5 robotintegration, robotautomation och fixturer. Vi har jobbat med automation sedan 70-talet. Vi erbjuder skr\u00e4ddarsydd utrustning och \u00f6kad automatiseringsgrad vilket hj\u00e4lper till att s\u00e4nka era tillverkningskostnader. Vi levererar specialmaskiner och automationsl\u00f6sningar till [&hellip;]<\/p>\n","protected":false},"author":1,"featured_media":0,"parent":0,"menu_order":0,"comment_status":"closed","ping_status":"closed","template":"","meta":{"_acf_changed":false,"_breakdance_hide_in_design_set":false,"_breakdance_tags":"","footnotes":""},"class_list":["post-33","page","type-page","status-publish","hentry"],"acf":[],"_links":{"self":[{"href":"https:\/\/arho.se\/en\/wp-json\/wp\/v2\/pages\/33","targetHints":{"allow":["GET"]}}],"collection":[{"href":"https:\/\/arho.se\/en\/wp-json\/wp\/v2\/pages"}],"about":[{"href":"https:\/\/arho.se\/en\/wp-json\/wp\/v2\/types\/page"}],"author":[{"embeddable":true,"href":"https:\/\/arho.se\/en\/wp-json\/wp\/v2\/users\/1"}],"replies":[{"embeddable":true,"href":"https:\/\/arho.se\/en\/wp-json\/wp\/v2\/comments?post=33"}],"version-history":[{"count":6,"href":"https:\/\/arho.se\/en\/wp-json\/wp\/v2\/pages\/33\/revisions"}],"predecessor-version":[{"id":810,"href":"https:\/\/arho.se\/en\/wp-json\/wp\/v2\/pages\/33\/revisions\/810"}],"wp:attachment":[{"href":"https:\/\/arho.se\/en\/wp-json\/wp\/v2\/media?parent=33"}],"curies":[{"name":"wp","href":"https:\/\/api.w.org\/{rel}","templated":true}]}}