{"id":187,"date":"2024-03-14T14:28:37","date_gmt":"2024-03-14T13:28:37","guid":{"rendered":"https:\/\/arho.se\/?page_id=187"},"modified":"2024-04-23T14:47:43","modified_gmt":"2024-04-23T12:47:43","slug":"industrial-robots","status":"publish","type":"page","link":"https:\/\/arho.se\/en\/robotar\/industrirobotar\/","title":{"rendered":"Industrial robots"},"content":{"rendered":"<section class=\"bde-section-187-100 bde-section\">\n  \n  \n\t\n\n\n\n<div class=\"section-container\"><div class=\"bde-div-187-101 bde-div\">\n  \n  \n\t\n\n\n\n<h1 class=\"bde-heading-187-102 bde-heading\">\nIndustrial robots\n<\/h1><div class=\"bde-text-187-103 bde-text\">\nWe integrate and automate industrial robots for many different types of industries.\n<\/div>\n<\/div><\/div>\n<\/section><section id=\"robotautomation\" class=\"bde-section-187-104 bde-section\">\n  \n  \n\t\n\n\n\n<div class=\"section-container\"><div class=\"bde-columns-187-105 bde-columns\"><div class=\"bde-column-187-106 bde-column\">\n  \n  \n\t\n\n\n\n<h2 class=\"bde-heading-187-107 bde-heading\">\nIndustrial robots\n<\/h2><div class=\"bde-text-187-108 bde-text\">\nWe integrate and automate industrial robots for many different types of industries. This makes our customers' production more efficient. Industrial robots have a fixed location and fixed mobility. Tools such as grippers or magnets are connected to the robot to enable the robot to perform its tasks.\n<\/div><div class=\"bde-text-187-109 bde-text\">\nWe have extensive experience in automation of industrial robots and are happy to tell you more about how we have helped our clients and streamlined their operations. \n<\/div><div class=\"bde-text-187-110 bde-text\">\nGet in touch with us if you want to know more.\n<\/div><div class=\"bde-div-187-111 bde-div\">\n  \n  \n\t\n\n\n\n<div class=\"bde-button-187-112 bde-button\">\n    \n                        \n                        \n    \n    \n    \n    \n            \n                    \n            \n            \n\n    \n    \n    \n    \n    \n    <a class=\"breakdance-link button-atom button-atom--primary bde-button__button\" href=\"https:\/\/arho.se\/en\/contact\/\" target=\"_self\" data-type=\"url\"  >\n\n    \n        <span class=\"button-atom__text\">Contact us<\/span>\n\n                            \n        \n                <\/a>\n\n    \n\n\n<\/div><div class=\"bde-button-187-113 bde-button\">\n    \n                        \n                        \n    \n    \n    \n    \n            \n                    \n            \n            \n\n    \n    \n    \n    \n    \n    <a class=\"breakdance-link button-atom button-atom--primary bde-button__button\" href=\"#video\" target=\"_self\" data-type=\"url\"  >\n\n    \n        <span class=\"button-atom__text\">Watch our video<\/span>\n\n                            \n        \n                <\/a>\n\n    \n\n\n<\/div>\n<\/div>\n<\/div><div class=\"bde-column-187-114 bde-column\">\n  \n  \n\t\n\n\n\n<div class=\"bde-image-187-115 bde-image\" data-entrance=\"slideRight\">\n<figure class=\"breakdance-image breakdance-image--104\">\n\t<div class=\"breakdance-image-container\">\n\t\t<div class=\"breakdance-image-clip\"><img loading=\"lazy\" decoding=\"async\" class=\"breakdance-image-object\" src=\"https:\/\/arho.se\/wp-content\/uploads\/2024\/03\/Z6A8121.jpg\" width=\"1186\" height=\"787\" srcset=\"https:\/\/arho.se\/wp-content\/uploads\/2024\/03\/Z6A8121.jpg 1186w, https:\/\/arho.se\/wp-content\/uploads\/2024\/03\/Z6A8121-300x199.jpg 300w, https:\/\/arho.se\/wp-content\/uploads\/2024\/03\/Z6A8121-1024x680.jpg 1024w, https:\/\/arho.se\/wp-content\/uploads\/2024\/03\/Z6A8121-768x510.jpg 768w\" sizes=\"auto, (max-width: 1186px) 100vw, 1186px\"><\/div>\n\t<\/div><\/figure>\n\n<\/div><div class=\"bde-image-187-116 bde-image\" data-entrance=\"slideRight\">\n<figure class=\"breakdance-image breakdance-image--172\">\n\t<div class=\"breakdance-image-container\">\n\t\t<div class=\"breakdance-image-clip\"><img loading=\"lazy\" decoding=\"async\" class=\"breakdance-image-object\" src=\"https:\/\/arho.se\/wp-content\/uploads\/2024\/03\/Z6A7869-2.jpg\" width=\"662\" height=\"787\" srcset=\"https:\/\/arho.se\/wp-content\/uploads\/2024\/03\/Z6A7869-2.jpg 662w, https:\/\/arho.se\/wp-content\/uploads\/2024\/03\/Z6A7869-2-252x300.jpg 252w\" sizes=\"auto, (max-width: 662px) 100vw, 662px\"><\/div>\n\t<\/div><\/figure>\n\n<\/div>\n<\/div><\/div><\/div>\n<\/section>","protected":false},"excerpt":{"rendered":"<p>Industrirobotar Vi integrerar och automatiserar industrirobotar till m\u00e5nga olika typer av industrier. Industrirobotar Vi integrerar och automatiserar industrirobotar till m\u00e5nga olika typer av industrier. P\u00e5 s\u00e5 s\u00e4tt effektiviseras v\u00e5ra kunders produktion. Industrirobotar har en fastst\u00e4lld plats och best\u00e4md r\u00f6rlighet. Till roboten kopplas verktyg, exempelvis gripdon eller magneter f\u00f6r att roboten ska kunna utf\u00f6ra sina sysslor. [&hellip;]<\/p>\n","protected":false},"author":2,"featured_media":0,"parent":183,"menu_order":0,"comment_status":"closed","ping_status":"closed","template":"","meta":{"_acf_changed":false,"_breakdance_hide_in_design_set":false,"_breakdance_tags":"","footnotes":""},"class_list":["post-187","page","type-page","status-publish","hentry"],"acf":[],"_links":{"self":[{"href":"https:\/\/arho.se\/en\/wp-json\/wp\/v2\/pages\/187","targetHints":{"allow":["GET"]}}],"collection":[{"href":"https:\/\/arho.se\/en\/wp-json\/wp\/v2\/pages"}],"about":[{"href":"https:\/\/arho.se\/en\/wp-json\/wp\/v2\/types\/page"}],"author":[{"embeddable":true,"href":"https:\/\/arho.se\/en\/wp-json\/wp\/v2\/users\/2"}],"replies":[{"embeddable":true,"href":"https:\/\/arho.se\/en\/wp-json\/wp\/v2\/comments?post=187"}],"version-history":[{"count":9,"href":"https:\/\/arho.se\/en\/wp-json\/wp\/v2\/pages\/187\/revisions"}],"predecessor-version":[{"id":706,"href":"https:\/\/arho.se\/en\/wp-json\/wp\/v2\/pages\/187\/revisions\/706"}],"up":[{"embeddable":true,"href":"https:\/\/arho.se\/en\/wp-json\/wp\/v2\/pages\/183"}],"wp:attachment":[{"href":"https:\/\/arho.se\/en\/wp-json\/wp\/v2\/media?parent=187"}],"curies":[{"name":"wp","href":"https:\/\/api.w.org\/{rel}","templated":true}]}}