{"id":185,"date":"2024-03-14T14:27:36","date_gmt":"2024-03-14T13:27:36","guid":{"rendered":"https:\/\/arho.se\/?page_id=185"},"modified":"2024-08-27T15:08:24","modified_gmt":"2024-08-27T13:08:24","slug":"collaborative-robots","status":"publish","type":"page","link":"https:\/\/arho.se\/en\/robotar\/kollaborativa-robotar\/","title":{"rendered":"Collaborative robots"},"content":{"rendered":"<section class=\"bde-section-185-101 bde-section\">\n  \n  \n\t\n\n\n\n<div class=\"section-container\"><div class=\"bde-div-185-102 bde-div\">\n  \n  \n\t\n\n\n\n<h1 class=\"bde-heading-185-103 bde-heading\">\nCollaborative robots\n<\/h1><div class=\"bde-text-185-104 bde-text\">\nCollaborative robots often work in non-segregated environments close to humans. A bit like a helping hand.\u00a0\n<\/div>\n<\/div><\/div>\n<\/section><section id=\"robotautomation\" class=\"bde-section-185-108 bde-section\">\n  \n  \n\t\n\n\n\n<div class=\"section-container\"><div class=\"bde-columns-185-109 bde-columns\"><div class=\"bde-column-185-110 bde-column\">\n  \n  \n\t\n\n\n\n<h2 class=\"bde-heading-185-111 bde-heading\">\nCollaborative robots\n<\/h2><div class=\"bde-text-185-112 bde-text\">\nCollaborative robots often work in non-segregated environments, close to people. A bit like a helping hand, such as assisting an operator. There are thus many different applications for a collaborative robot.\u00a0\n<\/div><div class=\"bde-text-185-125 bde-text\">\nWe help our customers with analysis and requirement specification so that a collaborative robot can be used as smartly as possible. The pricing of collaborative robots allows even smaller companies to use this help in their work. We offer sales and applications.\n<\/div><div class=\"bde-text-185-116 bde-text\">\nGet in touch with us if you want to know more.\n<\/div><div class=\"bde-div-185-117 bde-div\">\n  \n  \n\t\n\n\n\n<div class=\"bde-button-185-118 bde-button\">\n    \n                        \n                        \n    \n    \n    \n    \n            \n                    \n            \n            \n\n    \n    \n    \n    \n    \n    <a class=\"breakdance-link button-atom button-atom--primary bde-button__button\" href=\"https:\/\/arho.se\/en\/contact\/\" target=\"_self\" data-type=\"url\"  >\n\n    \n        <span class=\"button-atom__text\">Contact us<\/span>\n\n                            \n        \n                <\/a>\n\n    \n\n\n<\/div><div class=\"bde-button-185-119 bde-button\">\n    \n                        \n                        \n    \n    \n    \n    \n            \n                    \n            \n            \n\n    \n    \n    \n    \n    \n    <a class=\"breakdance-link button-atom button-atom--primary bde-button__button\" href=\"#video\" target=\"_self\" data-type=\"url\"  >\n\n    \n        <span class=\"button-atom__text\">Watch our video<\/span>\n\n                            \n        \n                <\/a>\n\n    \n\n\n<\/div>\n<\/div>\n<\/div><div class=\"bde-column-185-120 bde-column\">\n  \n  \n\t\n\n\n\n<div class=\"bde-image-185-121 bde-image\" data-entrance=\"slideRight\">\n<figure class=\"breakdance-image breakdance-image--104\">\n\t<div class=\"breakdance-image-container\">\n\t\t<div class=\"breakdance-image-clip\"><img loading=\"lazy\" decoding=\"async\" class=\"breakdance-image-object\" src=\"https:\/\/arho.se\/wp-content\/uploads\/2024\/03\/Z6A8121.jpg\" width=\"1186\" height=\"787\" srcset=\"https:\/\/arho.se\/wp-content\/uploads\/2024\/03\/Z6A8121.jpg 1186w, https:\/\/arho.se\/wp-content\/uploads\/2024\/03\/Z6A8121-300x199.jpg 300w, https:\/\/arho.se\/wp-content\/uploads\/2024\/03\/Z6A8121-1024x680.jpg 1024w, https:\/\/arho.se\/wp-content\/uploads\/2024\/03\/Z6A8121-768x510.jpg 768w\" sizes=\"auto, (max-width: 1186px) 100vw, 1186px\"><\/div>\n\t<\/div><\/figure>\n\n<\/div><div class=\"bde-image-185-122 bde-image\" data-entrance=\"slideRight\">\n<figure class=\"breakdance-image breakdance-image--172\">\n\t<div class=\"breakdance-image-container\">\n\t\t<div class=\"breakdance-image-clip\"><img loading=\"lazy\" decoding=\"async\" class=\"breakdance-image-object\" src=\"https:\/\/arho.se\/wp-content\/uploads\/2024\/03\/Z6A7869-2.jpg\" width=\"662\" height=\"787\" srcset=\"https:\/\/arho.se\/wp-content\/uploads\/2024\/03\/Z6A7869-2.jpg 662w, https:\/\/arho.se\/wp-content\/uploads\/2024\/03\/Z6A7869-2-252x300.jpg 252w\" sizes=\"auto, (max-width: 662px) 100vw, 662px\"><\/div>\n\t<\/div><\/figure>\n\n<\/div>\n<\/div><\/div><\/div>\n<\/section><section id=\"robotautomationlosning\" class=\"bde-section-185-126 bde-section\">\n  \n  \n\t\n\n\n\n<div class=\"section-container\"><div class=\"bde-columns-185-127 bde-columns\"><div class=\"bde-column-185-136 bde-column\">\n  \n  \n\t\n\n\n\n<div class=\"bde-image-185-137 bde-image\" data-entrance=\"slideRight\">\n<figure class=\"breakdance-image breakdance-image--838\">\n\t<div class=\"breakdance-image-container\">\n\t\t<div class=\"breakdance-image-clip\"><img loading=\"lazy\" decoding=\"async\" class=\"breakdance-image-object\" src=\"https:\/\/arho.se\/wp-content\/uploads\/2024\/08\/plasma_04.jpg\" width=\"1500\" height=\"1000\" srcset=\"https:\/\/arho.se\/wp-content\/uploads\/2024\/08\/plasma_04.jpg 1500w, https:\/\/arho.se\/wp-content\/uploads\/2024\/08\/plasma_04-300x200.jpg 300w, https:\/\/arho.se\/wp-content\/uploads\/2024\/08\/plasma_04-1024x683.jpg 1024w, https:\/\/arho.se\/wp-content\/uploads\/2024\/08\/plasma_04-768x512.jpg 768w, https:\/\/arho.se\/wp-content\/uploads\/2024\/08\/plasma_04-18x12.jpg 18w\" sizes=\"auto, (max-width: 1500px) 100vw, 1500px\"><\/div>\n\t<\/div><\/figure>\n\n<\/div><div class=\"bde-image-185-138 bde-image\" data-entrance=\"slideRight\">\n<figure class=\"breakdance-image breakdance-image--836\">\n\t<div class=\"breakdance-image-container\">\n\t\t<div class=\"breakdance-image-clip\"><img loading=\"lazy\" decoding=\"async\" class=\"breakdance-image-object\" src=\"https:\/\/arho.se\/wp-content\/uploads\/2024\/08\/plasma_06.jpg\" width=\"1000\" height=\"1500\" srcset=\"https:\/\/arho.se\/wp-content\/uploads\/2024\/08\/plasma_06.jpg 1000w, https:\/\/arho.se\/wp-content\/uploads\/2024\/08\/plasma_06-200x300.jpg 200w, https:\/\/arho.se\/wp-content\/uploads\/2024\/08\/plasma_06-683x1024.jpg 683w, https:\/\/arho.se\/wp-content\/uploads\/2024\/08\/plasma_06-768x1152.jpg 768w, https:\/\/arho.se\/wp-content\/uploads\/2024\/08\/plasma_06-8x12.jpg 8w\" sizes=\"auto, (max-width: 1000px) 100vw, 1000px\"><\/div>\n\t<\/div><\/figure>\n\n<\/div>\n<\/div><div class=\"bde-column-185-128 bde-column\">\n  \n  \n\t\n\n\n\n<h2 class=\"bde-heading-185-129 bde-heading\">\nCollaborative solutions\n<\/h2><div class=\"bde-text-185-130 bde-text\">\nPlasma is an effective technology for improving adhesion between different materials such as plastics, metal and glass. Openair-Plasma\u00ae is widely used in industries from packaging to automotive, enabling better material properties and production efficiency.\n<\/div><div class=\"bde-text-185-131 bde-text\">\nARHO offers an easy-to-use and customizable CE-marked plasma cell that can be tailored to your needs.\n<\/div><div class=\"bde-text-185-132 bde-text\">\nGet in touch with us if you want to know more.\n<\/div><div class=\"bde-div-185-133 bde-div\">\n  \n  \n\t\n\n\n\n<div class=\"bde-button-185-134 bde-button\">\n    \n                        \n                        \n    \n    \n    \n    \n            \n                    \n            \n            \n\n    \n    \n    \n    \n    \n    <a class=\"breakdance-link button-atom button-atom--custom bde-button__button\" href=\"https:\/\/arho.se\/en\/contact\/\" target=\"_self\" data-type=\"url\"  >\n\n    \n        <span class=\"button-atom__text\">Contact us<\/span>\n\n                            \n        \n                <\/a>\n\n    \n\n\n<\/div><div class=\"bde-button-185-139 bde-button\">\n    \n                        \n                        \n    \n    \n    \n    \n            \n                    \n            \n            \n\n    \n    \n    \n    \n    \n    <a class=\"breakdance-link button-atom button-atom--custom bde-button__button\" href=\"https:\/\/arho.se\/en\/products\/\" target=\"_self\" data-type=\"url\"  >\n\n    \n        <span class=\"button-atom__text\">See our solutions<\/span>\n\n                            \n        \n                <\/a>\n\n    \n\n\n<\/div>\n<\/div>\n<\/div><\/div><\/div>\n<\/section><section id=\"robotautomationsvets\" class=\"bde-section-185-140 bde-section\">\n  \n  \n\t\n\n\n\n<div class=\"section-container\"><div class=\"bde-columns-185-141 bde-columns\"><div class=\"bde-column-185-142 bde-column\">\n  \n  \n\t\n\n\n\n<h2 class=\"bde-heading-185-143 bde-heading\">\nCollaborative welding cell\n<\/h2><div class=\"bde-text-185-144 bde-text\">\nDiscover our versatile Siegmund welding table, perfect for Cobot welding cells. With a robust and plasma-coated surface, LED lighting and flexible mounting options, it offers an optimized and ergonomic working environment.\n<\/div><div class=\"bde-text-185-145 bde-text\">\nChoose from leading collaborative robots from Universal Robots and ABB, and easily customize with our options like an extra shelf for maximum workspace utilization. With access to power sources from ESAB, Fronius and Kemppi, as well as smooth programming tools from Smooth Robotics, you get a complete solution that streamlines your production and increases your profitability.\n<\/div><div class=\"bde-text-185-146 bde-text\">\nGet in touch with us if you want to know more.\n<\/div><div class=\"bde-div-185-147 bde-div\">\n  \n  \n\t\n\n\n\n<div class=\"bde-button-185-148 bde-button\">\n    \n                        \n                        \n    \n    \n    \n    \n            \n                    \n            \n            \n\n    \n    \n    \n    \n    \n    <a class=\"breakdance-link button-atom button-atom--primary bde-button__button\" href=\"https:\/\/arho.se\/en\/contact\/\" target=\"_self\" data-type=\"url\"  >\n\n    \n        <span class=\"button-atom__text\">Contact us<\/span>\n\n                            \n        \n                <\/a>\n\n    \n\n\n<\/div><div class=\"bde-button-185-149 bde-button\">\n    \n                        \n                        \n    \n    \n    \n    \n            \n                    \n            \n            \n\n    \n    \n    \n    \n    \n    <a class=\"breakdance-link button-atom button-atom--primary bde-button__button\" href=\"https:\/\/arho.se\/en\/products\/\" target=\"_self\" data-type=\"url\"  >\n\n    \n        <span class=\"button-atom__text\">Read more<\/span>\n\n                            \n        \n                <\/a>\n\n    \n\n\n<\/div>\n<\/div>\n<\/div><div class=\"bde-column-185-150 bde-column\">\n  \n  \n\t\n\n\n\n<div class=\"bde-image-185-151 bde-image\" data-entrance=\"slideRight\">\n<figure class=\"breakdance-image breakdance-image--827\">\n\t<div class=\"breakdance-image-container\">\n\t\t<div class=\"breakdance-image-clip\"><img loading=\"lazy\" decoding=\"async\" class=\"breakdance-image-object\" src=\"https:\/\/arho.se\/wp-content\/uploads\/2024\/08\/svetsbord_04.jpg\" width=\"1333\" height=\"1000\" srcset=\"https:\/\/arho.se\/wp-content\/uploads\/2024\/08\/svetsbord_04.jpg 1333w, https:\/\/arho.se\/wp-content\/uploads\/2024\/08\/svetsbord_04-300x225.jpg 300w, https:\/\/arho.se\/wp-content\/uploads\/2024\/08\/svetsbord_04-1024x768.jpg 1024w, https:\/\/arho.se\/wp-content\/uploads\/2024\/08\/svetsbord_04-768x576.jpg 768w, https:\/\/arho.se\/wp-content\/uploads\/2024\/08\/svetsbord_04-16x12.jpg 16w\" sizes=\"auto, (max-width: 1333px) 100vw, 1333px\"><\/div>\n\t<\/div><\/figure>\n\n<\/div><div class=\"bde-image-185-152 bde-image\" data-entrance=\"slideRight\">\n<figure class=\"breakdance-image breakdance-image--831\">\n\t<div class=\"breakdance-image-container\">\n\t\t<div class=\"breakdance-image-clip\"><img loading=\"lazy\" decoding=\"async\" class=\"breakdance-image-object\" src=\"https:\/\/arho.se\/wp-content\/uploads\/2024\/08\/svetsbord_07.jpg\" width=\"1080\" height=\"1080\" srcset=\"https:\/\/arho.se\/wp-content\/uploads\/2024\/08\/svetsbord_07.jpg 1080w, https:\/\/arho.se\/wp-content\/uploads\/2024\/08\/svetsbord_07-300x300.jpg 300w, https:\/\/arho.se\/wp-content\/uploads\/2024\/08\/svetsbord_07-1024x1024.jpg 1024w, https:\/\/arho.se\/wp-content\/uploads\/2024\/08\/svetsbord_07-150x150.jpg 150w, https:\/\/arho.se\/wp-content\/uploads\/2024\/08\/svetsbord_07-768x768.jpg 768w, https:\/\/arho.se\/wp-content\/uploads\/2024\/08\/svetsbord_07-12x12.jpg 12w\" sizes=\"auto, (max-width: 1080px) 100vw, 1080px\"><\/div>\n\t<\/div><\/figure>\n\n<\/div>\n<\/div><\/div><\/div>\n<\/section><section id=\"video\" class=\"bde-section-185-123 bde-section\">\n  \n  \n\t\n\n\n\n<div class=\"section-container\"><div class=\"bde-video-185-124 bde-video\">\n<div class=\"ee-video-container\">\n            <video class=\"ee-video\" src=\"https:\/\/arho.se\/wp-content\/uploads\/2024\/04\/20240319-arho-cobot.mp4\"\n                               controls='true'                                loop='true'                muted='true'                controlslist=\"nodownload\"                playsinline\n>\n        <\/video>\n    \n    <\/div>\n\n<\/div><\/div>\n<\/section>","protected":false},"excerpt":{"rendered":"<p>Kollaborativa robotar Kollaborativa robotar jobbar ofta i icke avskiljda milj\u00f6er n\u00e4ra m\u00e4nniskor. Lite som en hj\u00e4lpande hand.\u00a0 Kollaborativa robotar Kollaborativa robotar jobbar ofta i icke avskiljda milj\u00f6er, n\u00e4ra m\u00e4nniskor. Lite som en hj\u00e4lpande hand, exempelvis med assistans till en operat\u00f6r. Det finns s\u00e5ledes m\u00e5nga olika applikationer f\u00f6r en kollaborativ robot.\u00a0 Vi hj\u00e4lper v\u00e5ra kunder med [&hellip;]<\/p>\n","protected":false},"author":2,"featured_media":0,"parent":183,"menu_order":0,"comment_status":"closed","ping_status":"closed","template":"","meta":{"_acf_changed":false,"_breakdance_hide_in_design_set":false,"_breakdance_tags":"","footnotes":""},"class_list":["post-185","page","type-page","status-publish","hentry"],"acf":[],"_links":{"self":[{"href":"https:\/\/arho.se\/en\/wp-json\/wp\/v2\/pages\/185","targetHints":{"allow":["GET"]}}],"collection":[{"href":"https:\/\/arho.se\/en\/wp-json\/wp\/v2\/pages"}],"about":[{"href":"https:\/\/arho.se\/en\/wp-json\/wp\/v2\/types\/page"}],"author":[{"embeddable":true,"href":"https:\/\/arho.se\/en\/wp-json\/wp\/v2\/users\/2"}],"replies":[{"embeddable":true,"href":"https:\/\/arho.se\/en\/wp-json\/wp\/v2\/comments?post=185"}],"version-history":[{"count":19,"href":"https:\/\/arho.se\/en\/wp-json\/wp\/v2\/pages\/185\/revisions"}],"predecessor-version":[{"id":857,"href":"https:\/\/arho.se\/en\/wp-json\/wp\/v2\/pages\/185\/revisions\/857"}],"up":[{"embeddable":true,"href":"https:\/\/arho.se\/en\/wp-json\/wp\/v2\/pages\/183"}],"wp:attachment":[{"href":"https:\/\/arho.se\/en\/wp-json\/wp\/v2\/media?parent=185"}],"curies":[{"name":"wp","href":"https:\/\/api.w.org\/{rel}","templated":true}]}}