{"id":183,"date":"2024-03-14T14:27:04","date_gmt":"2024-03-14T13:27:04","guid":{"rendered":"https:\/\/arho.se\/?page_id=183"},"modified":"2024-08-22T09:01:36","modified_gmt":"2024-08-22T07:01:36","slug":"robots","status":"publish","type":"page","link":"https:\/\/arho.se\/en\/robotar\/","title":{"rendered":"Robots"},"content":{"rendered":"<section class=\"bde-section-183-100 bde-section\">\n  \n  \n\t\n\n\n\n<div class=\"section-container\"><div class=\"bde-div-183-103 bde-div\">\n  \n  \n\t\n\n\n\n<h1 class=\"bde-heading-183-104 bde-heading\">\nRobots\n<\/h1><div class=\"bde-text-183-105 bde-text\">\nRobot automation and robot integration to streamline your operations\n<\/div><div class=\"bde-div-183-106 bde-div\">\n  \n  \n\t\n\n\n\n<div class=\"bde-button-183-108 bde-button\">\n    \n                        \n                        \n    \n    \n    \n    \n            \n                    \n            \n            \n\n    \n    \n    \n    \n    \n    <a class=\"breakdance-link button-atom button-atom--secondary bde-button__button\" href=\"#robotautomation\" target=\"_self\" data-type=\"url\"  >\n\n    \n        <span class=\"button-atom__text\">Robot automation<\/span>\n\n        \n        \n                <\/a>\n\n    \n\n\n<\/div><div class=\"bde-button-183-107 bde-button\">\n    \n                        \n                        \n    \n    \n    \n    \n            \n                    \n            \n            \n\n    \n    \n    \n    \n    \n    <a class=\"breakdance-link button-atom button-atom--secondary bde-button__button\" href=\"#robotintegration\" target=\"_self\" data-type=\"url\"  >\n\n    \n        <span class=\"button-atom__text\">Robot integration<\/span>\n\n        \n        \n                <\/a>\n\n    \n\n\n<\/div>\n<\/div>\n<\/div><\/div>\n<\/section><section id=\"robotautomation\" class=\"bde-section-183-109 bde-section\">\n  \n  \n\t\n\n\n\n<div class=\"section-container\"><div class=\"bde-columns-183-110 bde-columns\"><div class=\"bde-column-183-111 bde-column\">\n  \n  \n\t\n\n\n\n<h2 class=\"bde-heading-183-112 bde-heading\">\nRobot automation\n<\/h2><div class=\"bde-text-183-113 bde-text\">\nAutomation of processes in the manufacturing industry maintains and increases profitability while eliminating many monotonous and unhealthy tasks. Packaging machines, handling equipment and industrial robots are some examples of automation equipment.\n<\/div><div class=\"bde-text-183-114 bde-text\">\nModern control systems can manage multiple robots and external axes from the same computer. At Arho, we can build complex facilities where multiple robots work together to measure, weld and pick finished parts for pallets.\n<\/div><div class=\"bde-text-183-122 bde-text\">\nWe help you with feasibility studies, project management and machine procurement. Together with our customers, we develop the production facilities of tomorrow!\n<\/div><div class=\"bde-div-183-115 bde-div\">\n  \n  \n\t\n\n\n\n<div class=\"bde-button-183-116 bde-button\">\n    \n                        \n                        \n    \n    \n    \n    \n            \n                    \n            \n            \n\n    \n    \n    \n    \n    \n    <a class=\"breakdance-link button-atom button-atom--primary bde-button__button\" href=\"https:\/\/arho.se\/en\/contact\/\" target=\"_self\" data-type=\"url\"  >\n\n    \n        <span class=\"button-atom__text\">Contact us<\/span>\n\n                            \n        \n                <\/a>\n\n    \n\n\n<\/div><div class=\"bde-button-183-117 bde-button\">\n    \n                        \n                        \n    \n    \n    \n    \n            \n                    \n            \n            \n\n    \n    \n    \n    \n    \n    <a class=\"breakdance-link button-atom button-atom--primary bde-button__button\" href=\"#video\" target=\"_self\" data-type=\"url\"  >\n\n    \n        <span class=\"button-atom__text\">Watch our video<\/span>\n\n                            \n        \n                <\/a>\n\n    \n\n\n<\/div>\n<\/div>\n<\/div><div class=\"bde-column-183-118 bde-column\">\n  \n  \n\t\n\n\n\n<div class=\"bde-image-183-119 bde-image\" data-entrance=\"slideRight\">\n<figure class=\"breakdance-image breakdance-image--104\">\n\t<div class=\"breakdance-image-container\">\n\t\t<div class=\"breakdance-image-clip\"><img loading=\"lazy\" decoding=\"async\" class=\"breakdance-image-object\" src=\"https:\/\/arho.se\/wp-content\/uploads\/2024\/03\/Z6A8121.jpg\" width=\"1186\" height=\"787\" srcset=\"https:\/\/arho.se\/wp-content\/uploads\/2024\/03\/Z6A8121.jpg 1186w, https:\/\/arho.se\/wp-content\/uploads\/2024\/03\/Z6A8121-300x199.jpg 300w, https:\/\/arho.se\/wp-content\/uploads\/2024\/03\/Z6A8121-1024x680.jpg 1024w, https:\/\/arho.se\/wp-content\/uploads\/2024\/03\/Z6A8121-768x510.jpg 768w\" sizes=\"auto, (max-width: 1186px) 100vw, 1186px\"><\/div>\n\t<\/div><\/figure>\n\n<\/div><div class=\"bde-image-183-120 bde-image\" data-entrance=\"slideRight\">\n<figure class=\"breakdance-image breakdance-image--172\">\n\t<div class=\"breakdance-image-container\">\n\t\t<div class=\"breakdance-image-clip\"><img loading=\"lazy\" decoding=\"async\" class=\"breakdance-image-object\" src=\"https:\/\/arho.se\/wp-content\/uploads\/2024\/03\/Z6A7869-2.jpg\" width=\"662\" height=\"787\" srcset=\"https:\/\/arho.se\/wp-content\/uploads\/2024\/03\/Z6A7869-2.jpg 662w, https:\/\/arho.se\/wp-content\/uploads\/2024\/03\/Z6A7869-2-252x300.jpg 252w\" sizes=\"auto, (max-width: 662px) 100vw, 662px\"><\/div>\n\t<\/div><\/figure>\n\n<\/div>\n<\/div><\/div><\/div>\n<\/section><section id=\"robotintegration\" class=\"bde-section-183-125 bde-section\">\n  \n  \n\t\n\n\n\n<div class=\"section-container\"><div class=\"bde-columns-183-126 bde-columns\"><div class=\"bde-column-183-137 bde-column\">\n  \n  \n\t\n\n\n\n<div class=\"bde-image-183-138 bde-image\" data-entrance=\"slideRight\">\n<figure class=\"breakdance-image breakdance-image--104\">\n\t<div class=\"breakdance-image-container\">\n\t\t<div class=\"breakdance-image-clip\"><img loading=\"lazy\" decoding=\"async\" class=\"breakdance-image-object\" src=\"https:\/\/arho.se\/wp-content\/uploads\/2024\/03\/Z6A8121.jpg\" width=\"1186\" height=\"787\" srcset=\"https:\/\/arho.se\/wp-content\/uploads\/2024\/03\/Z6A8121.jpg 1186w, https:\/\/arho.se\/wp-content\/uploads\/2024\/03\/Z6A8121-300x199.jpg 300w, https:\/\/arho.se\/wp-content\/uploads\/2024\/03\/Z6A8121-1024x680.jpg 1024w, https:\/\/arho.se\/wp-content\/uploads\/2024\/03\/Z6A8121-768x510.jpg 768w\" sizes=\"auto, (max-width: 1186px) 100vw, 1186px\"><\/div>\n\t<\/div><\/figure>\n\n<\/div><div class=\"bde-image-183-139 bde-image\" data-entrance=\"slideRight\">\n<figure class=\"breakdance-image breakdance-image--172\">\n\t<div class=\"breakdance-image-container\">\n\t\t<div class=\"breakdance-image-clip\"><img loading=\"lazy\" decoding=\"async\" class=\"breakdance-image-object\" src=\"https:\/\/arho.se\/wp-content\/uploads\/2024\/03\/Z6A7869-2.jpg\" width=\"662\" height=\"787\" srcset=\"https:\/\/arho.se\/wp-content\/uploads\/2024\/03\/Z6A7869-2.jpg 662w, https:\/\/arho.se\/wp-content\/uploads\/2024\/03\/Z6A7869-2-252x300.jpg 252w\" sizes=\"auto, (max-width: 662px) 100vw, 662px\"><\/div>\n\t<\/div><\/figure>\n\n<\/div>\n<\/div><div class=\"bde-column-183-127 bde-column\">\n  \n  \n\t\n\n\n\n<h2 class=\"bde-heading-183-128 bde-heading\">\nRobot integration\n<\/h2><div class=\"bde-text-183-129 bde-text\">\nRobots have long been able to help people with heavy work and repetitive jobs with high demands on precision. We are specialists in integrating robots for many different tasks, where equipment and robot are optimized into a customized whole to solve the task in the best possible way. \n<\/div><div class=\"bde-text-183-130 bde-text\">\nWe are a reseller and system integrator for ABB, Robotize, Agilox and Universal Robots.<br>Through Industry 4.0 automation, robots are integrated into process systems. We customize solutions for your specific needs and offer complete robot integration, from requirement specification to installation and testing. Contact us to discuss your project!\n<\/div><h3 class=\"bde-heading-183-132 bde-heading\">\nLogistics solutions\n<\/h3><div class=\"bde-text-183-133 bde-text\">\nArho is a pioneer in autonomous robot systems and makes logistics solutions for production, both traditional methods and Industry 4.0 solutions with AMR robots.\n<\/div><div class=\"bde-div-183-134 bde-div\">\n  \n  \n\t\n\n\n\n<div class=\"bde-button-183-135 bde-button\">\n    \n                        \n                        \n    \n    \n    \n    \n            \n                    \n            \n            \n\n    \n    \n    \n    \n    \n    <a class=\"breakdance-link button-atom button-atom--secondary bde-button__button\" href=\"https:\/\/arho.se\/en\/contact\/\" target=\"_self\" data-type=\"url\"  >\n\n    \n        <span class=\"button-atom__text\">Contact us<\/span>\n\n                            \n        \n                <\/a>\n\n    \n\n\n<\/div><div class=\"bde-button-183-136 bde-button\">\n    \n                        \n                        \n    \n    \n    \n    \n            \n                    \n            \n            \n\n    \n    \n    \n    \n    \n    <a class=\"breakdance-link button-atom button-atom--secondary bde-button__button\" href=\"#video\" target=\"_self\" data-type=\"url\"  >\n\n    \n        <span class=\"button-atom__text\">Watch our video<\/span>\n\n                            \n        \n                <\/a>\n\n    \n\n\n<\/div>\n<\/div>\n<\/div><\/div><\/div>\n<\/section><section class=\"bde-section-183-160 bde-section\">\n              \n  \n  \n\t\n\n  <div class=\"section-background-overlay\"><\/div>\n\n\n<div class=\"section-container\"><div class=\"bde-div-183-193 bde-div\">\n  \n  \n\t\n\n\n\n<h2 class=\"bde-heading-183-184 bde-heading\">\nWe will help you:\n<\/h2>\n<\/div><div class=\"bde-grid-183-161 bde-grid\">\n  \n  \n\t\n\n\n\n<div class=\"bde-div-183-162 bde-div\" data-entrance=\"flipUp\">\n  \n  \n\t\n\n\n\n<div class=\"bde-div-183-168 bde-div\">\n  \n  \n\t\n\n\n\n<div class=\"bde-icon-183-167 bde-icon\">\n\n    \n            <div class=\"bde-icon-icon breakdance-icon-atom\" >\n    \n                    <svg xmlns=\"http:\/\/www.w3.org\/2000\/svg\" version=\"1.0\" width=\"100.000000pt\" height=\"100.000000pt\" viewbox=\"0 0 100.000000 100.000000\" preserveaspectratio=\"xMidYMid meet\">  <g transform=\"translate(0.000000,100.000000) scale(0.100000,-0.100000)\" fill=\"#477793\" stroke=\"none\"> <path d=\"M390 902 c-48 -25 -85 -98 -75 -149 8 -43 67 -108 108 -118 48 -12 99 4 139 45 35 35 38 42 38 93 0 45 -5 61 -26 87 -51 61 -119 76 -184 42z m103 -54 c57 -30 64 -92 16 -132 -35 -30 -49 -32 -88 -11 -59 30 -57 110 4 143 26 15 41 15 68 0z\"\/> <path d=\"M429 794 c-17 -21 0 -49 31 -49 31 0 48 28 31 49 -8 9 -21 16 -31 16 -10 0 -23 -7 -31 -16z\"\/> <path d=\"M272 588 l-59 -82 24 -19 c28 -22 23 -26 93 71 51 70 52 74 35 92 -10 11 -22 20 -26 20 -4 0 -34 -37 -67 -82z\"\/> <path d=\"M543 642 l-22 -17 75 -120 c41 -66 78 -121 82 -122 4 -2 17 5 29 15 l22 17 -77 122 c-42 68 -79 123 -82 123 -3 0 -15 -8 -27 -18z\"\/> <path d=\"M115 490 c-61 -25 -91 -109 -61 -168 36 -71 144 -83 198 -23 81 90 -25 238 -137 191z m89 -61 c50 -39 22 -119 -43 -119 -33 0 -71 39 -71 72 0 24 44 68 68 68 11 0 31 -9 46 -21z\"\/> <path d=\"M134 396 c-10 -26 4 -48 28 -44 33 4 33 52 0 56 -13 2 -25 -3 -28 -12z\"\/> <path d=\"M735 395 c-132 -71 -137 -234 -9 -296 111 -53 234 22 234 143 0 60 -19 98 -65 134 -45 34 -116 42 -160 19z m105 -70 c81 -42 59 -157 -31 -171 -30 -5 -42 -1 -69 23 -25 23 -32 36 -32 66 0 40 22 73 57 88 30 12 43 11 75 -6z\"\/> <path d=\"M766 268 c-27 -38 12 -81 53 -58 27 14 28 56 2 70 -28 15 -38 13 -55 -12z\"\/> <\/g> <\/svg>\n        \n        \n        \n            <\/div>\n    \n\n\n<\/div><h4 class=\"bde-heading-183-166 bde-heading\">\nPreliminary studies\n<\/h4>\n<\/div>\n<\/div><div class=\"bde-div-183-163 bde-div\" data-entrance=\"flipUp\">\n  \n  \n\t\n\n\n\n<div class=\"bde-div-183-169 bde-div\">\n  \n  \n\t\n\n\n\n<div class=\"bde-icon-183-179 bde-icon\">\n\n    \n            <div class=\"bde-icon-icon breakdance-icon-atom\" >\n    \n                    <svg xmlns=\"http:\/\/www.w3.org\/2000\/svg\" version=\"1.0\" width=\"100.000000pt\" height=\"100.000000pt\" viewbox=\"0 0 100.000000 100.000000\" preserveaspectratio=\"xMidYMid meet\">  <g transform=\"translate(0.000000,100.000000) scale(0.100000,-0.100000)\" fill=\"#477793\" stroke=\"none\"> <path d=\"M390 902 c-48 -25 -85 -98 -75 -149 8 -43 67 -108 108 -118 48 -12 99 4 139 45 35 35 38 42 38 93 0 45 -5 61 -26 87 -51 61 -119 76 -184 42z m103 -54 c57 -30 64 -92 16 -132 -35 -30 -49 -32 -88 -11 -59 30 -57 110 4 143 26 15 41 15 68 0z\"\/> <path d=\"M429 794 c-17 -21 0 -49 31 -49 31 0 48 28 31 49 -8 9 -21 16 -31 16 -10 0 -23 -7 -31 -16z\"\/> <path d=\"M272 588 l-59 -82 24 -19 c28 -22 23 -26 93 71 51 70 52 74 35 92 -10 11 -22 20 -26 20 -4 0 -34 -37 -67 -82z\"\/> <path d=\"M543 642 l-22 -17 75 -120 c41 -66 78 -121 82 -122 4 -2 17 5 29 15 l22 17 -77 122 c-42 68 -79 123 -82 123 -3 0 -15 -8 -27 -18z\"\/> <path d=\"M115 490 c-61 -25 -91 -109 -61 -168 36 -71 144 -83 198 -23 81 90 -25 238 -137 191z m89 -61 c50 -39 22 -119 -43 -119 -33 0 -71 39 -71 72 0 24 44 68 68 68 11 0 31 -9 46 -21z\"\/> <path d=\"M134 396 c-10 -26 4 -48 28 -44 33 4 33 52 0 56 -13 2 -25 -3 -28 -12z\"\/> <path d=\"M735 395 c-132 -71 -137 -234 -9 -296 111 -53 234 22 234 143 0 60 -19 98 -65 134 -45 34 -116 42 -160 19z m105 -70 c81 -42 59 -157 -31 -171 -30 -5 -42 -1 -69 23 -25 23 -32 36 -32 66 0 40 22 73 57 88 30 12 43 11 75 -6z\"\/> <path d=\"M766 268 c-27 -38 12 -81 53 -58 27 14 28 56 2 70 -28 15 -38 13 -55 -12z\"\/> <\/g> <\/svg>\n        \n        \n        \n            <\/div>\n    \n\n\n<\/div><h4 class=\"bde-heading-183-170 bde-heading\">\nProject management\n<\/h4>\n<\/div>\n<\/div><div class=\"bde-div-183-164 bde-div\" data-entrance=\"flipUp\">\n  \n  \n\t\n\n\n\n<div class=\"bde-div-183-172 bde-div\">\n  \n  \n\t\n\n\n\n<div class=\"bde-icon-183-180 bde-icon\">\n\n    \n            <div class=\"bde-icon-icon breakdance-icon-atom\" >\n    \n                    <svg xmlns=\"http:\/\/www.w3.org\/2000\/svg\" version=\"1.0\" width=\"100.000000pt\" height=\"100.000000pt\" viewbox=\"0 0 100.000000 100.000000\" preserveaspectratio=\"xMidYMid meet\">  <g transform=\"translate(0.000000,100.000000) scale(0.100000,-0.100000)\" fill=\"#477793\" stroke=\"none\"> <path d=\"M390 902 c-48 -25 -85 -98 -75 -149 8 -43 67 -108 108 -118 48 -12 99 4 139 45 35 35 38 42 38 93 0 45 -5 61 -26 87 -51 61 -119 76 -184 42z m103 -54 c57 -30 64 -92 16 -132 -35 -30 -49 -32 -88 -11 -59 30 -57 110 4 143 26 15 41 15 68 0z\"\/> <path d=\"M429 794 c-17 -21 0 -49 31 -49 31 0 48 28 31 49 -8 9 -21 16 -31 16 -10 0 -23 -7 -31 -16z\"\/> <path d=\"M272 588 l-59 -82 24 -19 c28 -22 23 -26 93 71 51 70 52 74 35 92 -10 11 -22 20 -26 20 -4 0 -34 -37 -67 -82z\"\/> <path d=\"M543 642 l-22 -17 75 -120 c41 -66 78 -121 82 -122 4 -2 17 5 29 15 l22 17 -77 122 c-42 68 -79 123 -82 123 -3 0 -15 -8 -27 -18z\"\/> <path d=\"M115 490 c-61 -25 -91 -109 -61 -168 36 -71 144 -83 198 -23 81 90 -25 238 -137 191z m89 -61 c50 -39 22 -119 -43 -119 -33 0 -71 39 -71 72 0 24 44 68 68 68 11 0 31 -9 46 -21z\"\/> <path d=\"M134 396 c-10 -26 4 -48 28 -44 33 4 33 52 0 56 -13 2 -25 -3 -28 -12z\"\/> <path d=\"M735 395 c-132 -71 -137 -234 -9 -296 111 -53 234 22 234 143 0 60 -19 98 -65 134 -45 34 -116 42 -160 19z m105 -70 c81 -42 59 -157 -31 -171 -30 -5 -42 -1 -69 23 -25 23 -32 36 -32 66 0 40 22 73 57 88 30 12 43 11 75 -6z\"\/> <path d=\"M766 268 c-27 -38 12 -81 53 -58 27 14 28 56 2 70 -28 15 -38 13 -55 -12z\"\/> <\/g> <\/svg>\n        \n        \n        \n            <\/div>\n    \n\n\n<\/div><h4 class=\"bde-heading-183-173 bde-heading\">\nAcquisition of machinery\n<\/h4>\n<\/div>\n<\/div><div class=\"bde-div-183-165 bde-div\" data-entrance=\"flipUp\">\n  \n  \n\t\n\n\n\n<div class=\"bde-div-183-175 bde-div\">\n  \n  \n\t\n\n\n\n<div class=\"bde-icon-183-181 bde-icon\">\n\n    \n            <div class=\"bde-icon-icon breakdance-icon-atom\" >\n    \n                    <svg xmlns=\"http:\/\/www.w3.org\/2000\/svg\" version=\"1.0\" width=\"100.000000pt\" height=\"100.000000pt\" viewbox=\"0 0 100.000000 100.000000\" preserveaspectratio=\"xMidYMid meet\">  <g transform=\"translate(0.000000,100.000000) scale(0.100000,-0.100000)\" fill=\"#477793\" stroke=\"none\"> <path d=\"M390 902 c-48 -25 -85 -98 -75 -149 8 -43 67 -108 108 -118 48 -12 99 4 139 45 35 35 38 42 38 93 0 45 -5 61 -26 87 -51 61 -119 76 -184 42z m103 -54 c57 -30 64 -92 16 -132 -35 -30 -49 -32 -88 -11 -59 30 -57 110 4 143 26 15 41 15 68 0z\"\/> <path d=\"M429 794 c-17 -21 0 -49 31 -49 31 0 48 28 31 49 -8 9 -21 16 -31 16 -10 0 -23 -7 -31 -16z\"\/> <path d=\"M272 588 l-59 -82 24 -19 c28 -22 23 -26 93 71 51 70 52 74 35 92 -10 11 -22 20 -26 20 -4 0 -34 -37 -67 -82z\"\/> <path d=\"M543 642 l-22 -17 75 -120 c41 -66 78 -121 82 -122 4 -2 17 5 29 15 l22 17 -77 122 c-42 68 -79 123 -82 123 -3 0 -15 -8 -27 -18z\"\/> <path d=\"M115 490 c-61 -25 -91 -109 -61 -168 36 -71 144 -83 198 -23 81 90 -25 238 -137 191z m89 -61 c50 -39 22 -119 -43 -119 -33 0 -71 39 -71 72 0 24 44 68 68 68 11 0 31 -9 46 -21z\"\/> <path d=\"M134 396 c-10 -26 4 -48 28 -44 33 4 33 52 0 56 -13 2 -25 -3 -28 -12z\"\/> <path d=\"M735 395 c-132 -71 -137 -234 -9 -296 111 -53 234 22 234 143 0 60 -19 98 -65 134 -45 34 -116 42 -160 19z m105 -70 c81 -42 59 -157 -31 -171 -30 -5 -42 -1 -69 23 -25 23 -32 36 -32 66 0 40 22 73 57 88 30 12 43 11 75 -6z\"\/> <path d=\"M766 268 c-27 -38 12 -81 53 -58 27 14 28 56 2 70 -28 15 -38 13 -55 -12z\"\/> <\/g> <\/svg>\n        \n        \n        \n            <\/div>\n    \n\n\n<\/div><h4 class=\"bde-heading-183-176 bde-heading\">\nRobot integration\n<\/h4>\n<\/div>\n<\/div>\n<\/div><div class=\"bde-button-183-192 bde-button\">\n    \n                        \n                        \n    \n    \n    \n    \n            \n                    \n            \n            \n\n    \n    \n    \n    \n    \n    <a class=\"breakdance-link button-atom button-atom--primary bde-button__button\" href=\"https:\/\/arho.se\/en\/contact\/\" target=\"_self\" data-type=\"url\"  >\n\n    \n        <span class=\"button-atom__text\">Contact us<\/span>\n\n        \n        \n                <\/a>\n\n    \n\n\n<\/div><\/div>\n<\/section><section class=\"bde-section-183-196 bde-section\">\n  \n  \n\t\n\n\n\n<div class=\"section-container\"><div class=\"bde-columns-183-197 bde-columns\"><div class=\"bde-column-183-198 bde-column\">\n  \n  \n\t\n\n\n\n<h2 class=\"bde-heading-183-201 bde-heading\">\nOur experience and expertise will help you improve your efficiency\n<\/h2><div class=\"bde-text-183-202 bde-text\">\nAt Arho AB, we are specialists in designing and manufacturing robot automation and robot integration to help you streamline your production and reduce your manufacturing costs. We offer customized automation and integration equipment, logistics solutions and also fixtures and special machines for various industries, such as automotive, food, packaging and plastics.\n<\/div><div class=\"bde-text-183-203 bde-text\">\nArho has its own factory and production in Hallsberg, where we have been present since the 1970s, and we are part of the Fagertorp Group. Our long experience has given us a breadth and depth of industry knowledge in many different areas.\n<\/div><div class=\"bde-text-183-214 bde-text\">\nWe operate in line with the UN Sustainable Development Goals.\n<\/div><div class=\"bde-button-183-212 bde-button\">\n    \n                                    \n    \n    \n    \n    \n            \n                    \n            \n            \n\n    \n    \n    \n    \n    \n    <a class=\"breakdance-link button-atom button-atom--primary bde-button__button\" href=\"https:\/\/arho.se\/en\/about-us\/\" target=\"_self\" data-type=\"url\"  >\n\n    \n        <span class=\"button-atom__text\">About us<\/span>\n\n        \n        \n                <\/a>\n\n    \n\n\n<\/div>\n<\/div><div class=\"bde-column-183-199 bde-column\">\n  \n  \n\t\n\n\n\n<div class=\"bde-grid-183-207 bde-grid\">\n  \n  \n\t\n\n\n\n<div class=\"bde-image-183-208 bde-image\" data-entrance=\"slideRight\">\n<figure class=\"breakdance-image breakdance-image--333\">\n\t<div class=\"breakdance-image-container\">\n\t\t<div class=\"breakdance-image-clip\"><img loading=\"lazy\" decoding=\"async\" class=\"breakdance-image-object\" src=\"https:\/\/arho.se\/wp-content\/uploads\/2024\/03\/03-god-halsa-och-valbefinnande.png\" width=\"700\" height=\"700\" srcset=\"https:\/\/arho.se\/wp-content\/uploads\/2024\/03\/03-god-halsa-och-valbefinnande.png 700w, https:\/\/arho.se\/wp-content\/uploads\/2024\/03\/03-god-halsa-och-valbefinnande-300x300.png 300w, https:\/\/arho.se\/wp-content\/uploads\/2024\/03\/03-god-halsa-och-valbefinnande-150x150.png 150w\" sizes=\"auto, (max-width: 700px) 100vw, 700px\"><\/div>\n\t<\/div><\/figure>\n\n<\/div><div class=\"bde-image-183-209 bde-image\" data-entrance=\"slideRight\">\n<figure class=\"breakdance-image breakdance-image--334\">\n\t<div class=\"breakdance-image-container\">\n\t\t<div class=\"breakdance-image-clip\"><img loading=\"lazy\" decoding=\"async\" class=\"breakdance-image-object\" src=\"https:\/\/arho.se\/wp-content\/uploads\/2024\/03\/05-jamstalldhet.png\" width=\"700\" height=\"700\" srcset=\"https:\/\/arho.se\/wp-content\/uploads\/2024\/03\/05-jamstalldhet.png 700w, https:\/\/arho.se\/wp-content\/uploads\/2024\/03\/05-jamstalldhet-300x300.png 300w, https:\/\/arho.se\/wp-content\/uploads\/2024\/03\/05-jamstalldhet-150x150.png 150w\" sizes=\"auto, (max-width: 700px) 100vw, 700px\"><\/div>\n\t<\/div><\/figure>\n\n<\/div><div class=\"bde-image-183-210 bde-image\" data-entrance=\"slideRight\">\n<figure class=\"breakdance-image breakdance-image--332\">\n\t<div class=\"breakdance-image-container\">\n\t\t<div class=\"breakdance-image-clip\"><img loading=\"lazy\" decoding=\"async\" class=\"breakdance-image-object\" src=\"https:\/\/arho.se\/wp-content\/uploads\/2024\/03\/09-hallbar-industri-innovationer-och-infrastruktur.png\" width=\"700\" height=\"700\" srcset=\"https:\/\/arho.se\/wp-content\/uploads\/2024\/03\/09-hallbar-industri-innovationer-och-infrastruktur.png 700w, https:\/\/arho.se\/wp-content\/uploads\/2024\/03\/09-hallbar-industri-innovationer-och-infrastruktur-300x300.png 300w, https:\/\/arho.se\/wp-content\/uploads\/2024\/03\/09-hallbar-industri-innovationer-och-infrastruktur-150x150.png 150w\" sizes=\"auto, (max-width: 700px) 100vw, 700px\"><\/div>\n\t<\/div><\/figure>\n\n<\/div><div class=\"bde-image-183-211 bde-image\" data-entrance=\"slideRight\">\n<figure class=\"breakdance-image breakdance-image--331\">\n\t<div class=\"breakdance-image-container\">\n\t\t<div class=\"breakdance-image-clip\"><img loading=\"lazy\" decoding=\"async\" class=\"breakdance-image-object\" src=\"https:\/\/arho.se\/wp-content\/uploads\/2024\/03\/12-hallbar-konsumtion-och-produktion.png\" width=\"700\" height=\"700\" srcset=\"https:\/\/arho.se\/wp-content\/uploads\/2024\/03\/12-hallbar-konsumtion-och-produktion.png 700w, https:\/\/arho.se\/wp-content\/uploads\/2024\/03\/12-hallbar-konsumtion-och-produktion-300x300.png 300w, https:\/\/arho.se\/wp-content\/uploads\/2024\/03\/12-hallbar-konsumtion-och-produktion-150x150.png 150w\" sizes=\"auto, (max-width: 700px) 100vw, 700px\"><\/div>\n\t<\/div><\/figure>\n\n<\/div>\n<\/div>\n<\/div><\/div><\/div>\n<\/section>","protected":false},"excerpt":{"rendered":"<p>Robotar Robotautomation och robotintegration som effektiviserar er verksamhet Robotautomation Robotintegration Robotautomation Automation av processer i tillverkningsindustrin bibeh\u00e5ller och \u00f6kar l\u00f6nsamhet och eliminerar samtidigt m\u00e5nga monotona och oh\u00e4lsosamma arbetsmoment. F\u00f6rpackningsmaskiner, hanteringsutrustning och industrirobotar \u00e4r n\u00e5gra exempel p\u00e5 automationsutrustning. Moderna styrsystem kan hantera flera robotar och externa axlar fr\u00e5n samma dator. Vi p\u00e5 Arho kan bygga komplexa [&hellip;]<\/p>\n","protected":false},"author":2,"featured_media":0,"parent":0,"menu_order":0,"comment_status":"closed","ping_status":"closed","template":"","meta":{"_acf_changed":false,"_breakdance_hide_in_design_set":false,"_breakdance_tags":"","footnotes":""},"class_list":["post-183","page","type-page","status-publish","hentry"],"acf":[],"_links":{"self":[{"href":"https:\/\/arho.se\/en\/wp-json\/wp\/v2\/pages\/183","targetHints":{"allow":["GET"]}}],"collection":[{"href":"https:\/\/arho.se\/en\/wp-json\/wp\/v2\/pages"}],"about":[{"href":"https:\/\/arho.se\/en\/wp-json\/wp\/v2\/types\/page"}],"author":[{"embeddable":true,"href":"https:\/\/arho.se\/en\/wp-json\/wp\/v2\/users\/2"}],"replies":[{"embeddable":true,"href":"https:\/\/arho.se\/en\/wp-json\/wp\/v2\/comments?post=183"}],"version-history":[{"count":35,"href":"https:\/\/arho.se\/en\/wp-json\/wp\/v2\/pages\/183\/revisions"}],"predecessor-version":[{"id":856,"href":"https:\/\/arho.se\/en\/wp-json\/wp\/v2\/pages\/183\/revisions\/856"}],"wp:attachment":[{"href":"https:\/\/arho.se\/en\/wp-json\/wp\/v2\/media?parent=183"}],"curies":[{"name":"wp","href":"https:\/\/api.w.org\/{rel}","templated":true}]}}